{"id":61799,"date":"2016-12-08T23:55:53","date_gmt":"2016-12-08T22:55:53","guid":{"rendered":"https:\/\/dev.agnieszkakudela.pl\/contact\/"},"modified":"2023-11-28T17:06:21","modified_gmt":"2023-11-28T16:06:21","slug":"contact","status":"publish","type":"page","link":"https:\/\/agnieszkakudela.pl\/en\/contact\/","title":{"rendered":"Contact"},"content":{"rendered":"<h3 style=\"text-align: center;\"><strong><img loading=\"lazy\" decoding=\"async\" class=\"aligncenter size-full wp-image-39514\" src=\"https:\/\/agnieszkakudela.pl\/wp-content\/uploads\/2019\/01\/blog-lifestylowy.jpg\" alt=\"blog lifestylowy\" width=\"1200\" height=\"574\" srcset=\"https:\/\/agnieszkakudela.pl\/wp-content\/uploads\/2019\/01\/blog-lifestylowy.jpg 1200w, https:\/\/agnieszkakudela.pl\/wp-content\/uploads\/2019\/01\/blog-lifestylowy-600x287.jpg 600w, https:\/\/agnieszkakudela.pl\/wp-content\/uploads\/2019\/01\/blog-lifestylowy-300x144.jpg 300w, https:\/\/agnieszkakudela.pl\/wp-content\/uploads\/2019\/01\/blog-lifestylowy-768x367.jpg 768w, https:\/\/agnieszkakudela.pl\/wp-content\/uploads\/2019\/01\/blog-lifestylowy-1024x490.jpg 1024w\" sizes=\"auto, (max-width: 1200px) 100vw, 1200px\" \/><\/strong><\/h3>\n<h3 style=\"text-align: center;\"><strong>E-mail address:<\/strong><\/h3>\n<p>&nbsp;<\/p>\n<p style=\"text-align: center;\">Agnieszka Kudela: <a href=\"mailto:hello@agnieszkakudela.pl\">hello@agnieszkakudela.pl<\/a><\/p>\n<p style=\"text-align: center;\">Agnieszka Kudela Collection &#8211; STORE: <a href=\"sklep@agnieszkakudela.pl\">sklep@agnieszkakudela.pl<\/a><\/p>\n<p>&nbsp;<\/p>\n<h3 style=\"text-align: center;\">Correspondence address and office address:<\/h3>\n<p class=\"gt-block\" style=\"text-align: center;\">Agnieszka Kudela<br \/>\nAl. Iberyjska 10\/2 (Tesoro Gardens)<br \/>\n81-198 Pog\u00f3rze near Gdynia<\/p>\n<h3 style=\"text-align: center;\"><strong>Social media:<\/strong><\/h3>\n<p class=\"gt-block\" style=\"text-align: center;\"><a href=\"https:\/\/www.facebook.com\/AgnieszkaKudelaPL\/\">Facebook<\/a><br \/>\n<a href=\"https:\/\/www.instagram.com\/agnieszkakudela\/\">Instagram<br \/>\n<\/a><a href=\"https:\/\/twitter.com\/SpodKocyka\">Twitter<\/a><\/p>\n","protected":false},"excerpt":{"rendered":"<p>E-mail address: &nbsp; Agnieszka Kudela: hello@agnieszkakudela.pl Agnieszka Kudela Collection &#8211; STORE: sklep@agnieszkakudela.pl &nbsp; Correspondence address and office address: Agnieszka Kudela Al. Iberyjska 10\/2 (Tesoro Gardens) 81-198 Pog\u00f3rze near Gdynia Social media: Facebook Instagram Twitter<\/p>\n","protected":false},"author":1,"featured_media":0,"parent":0,"menu_order":0,"comment_status":"closed","ping_status":"closed","template":"","meta":{"footnotes":""},"class_list":["post-61799","page","type-page","status-publish","hentry"],"yoast_head":"<!-- This site is optimized with the Yoast SEO plugin v26.5 - https:\/\/yoast.com\/wordpress\/plugins\/seo\/ -->\n<title>Contact - AgnieszkaKudela.pl<\/title>\n<meta name=\"robots\" content=\"index, follow, max-snippet:-1, max-image-preview:large, max-video-preview:-1\" \/>\n<meta property=\"og:locale\" content=\"en_US\" \/>\n<meta property=\"og:type\" content=\"article\" \/>\n<meta property=\"og:title\" content=\"Contact - AgnieszkaKudela.pl\" \/>\n<meta property=\"og:description\" content=\"E-mail address: &nbsp; Agnieszka Kudela: hello@agnieszkakudela.pl Agnieszka Kudela Collection &#8211; STORE: sklep@agnieszkakudela.pl &nbsp; Correspondence address and office address: Agnieszka Kudela Al. Iberyjska 10\/2 (Tesoro Gardens) 81-198 Pog\u00f3rze near Gdynia Social media: Facebook Instagram Twitter\" \/>\n<meta property=\"og:url\" content=\"https:\/\/agnieszkakudela.pl\/en\/contact\/\" \/>\n<meta property=\"og:site_name\" content=\"AgnieszkaKudela.pl\" \/>\n<meta property=\"article:modified_time\" content=\"2023-11-28T16:06:21+00:00\" \/>\n<meta property=\"og:image\" content=\"https:\/\/agnieszkakudela.pl\/wp-content\/uploads\/2019\/01\/blog-lifestylowy.jpg\" \/>\n<meta name=\"twitter:card\" content=\"summary_large_image\" \/>\n<script type=\"application\/ld+json\" class=\"yoast-schema-graph\">{\"@context\":\"https:\/\/schema.org\",\"@graph\":[{\"@type\":\"WebPage\",\"@id\":\"https:\/\/agnieszkakudela.pl\/en\/contact\/\",\"url\":\"https:\/\/agnieszkakudela.pl\/en\/contact\/\",\"name\":\"Contact - AgnieszkaKudela.pl\",\"isPartOf\":{\"@id\":\"https:\/\/agnieszkakudela.pl\/en\/#website\"},\"primaryImageOfPage\":{\"@id\":\"https:\/\/agnieszkakudela.pl\/en\/contact\/#primaryimage\"},\"image\":{\"@id\":\"https:\/\/agnieszkakudela.pl\/en\/contact\/#primaryimage\"},\"thumbnailUrl\":\"https:\/\/agnieszkakudela.pl\/wp-content\/uploads\/2019\/01\/blog-lifestylowy.jpg\",\"datePublished\":\"2016-12-08T22:55:53+00:00\",\"dateModified\":\"2023-11-28T16:06:21+00:00\",\"breadcrumb\":{\"@id\":\"https:\/\/agnieszkakudela.pl\/en\/contact\/#breadcrumb\"},\"inLanguage\":\"en-US\",\"potentialAction\":[{\"@type\":\"ReadAction\",\"target\":[\"https:\/\/agnieszkakudela.pl\/en\/contact\/\"]}]},{\"@type\":\"ImageObject\",\"inLanguage\":\"en-US\",\"@id\":\"https:\/\/agnieszkakudela.pl\/en\/contact\/#primaryimage\",\"url\":\"https:\/\/agnieszkakudela.pl\/wp-content\/uploads\/2019\/01\/blog-lifestylowy.jpg\",\"contentUrl\":\"https:\/\/agnieszkakudela.pl\/wp-content\/uploads\/2019\/01\/blog-lifestylowy.jpg\"},{\"@type\":\"BreadcrumbList\",\"@id\":\"https:\/\/agnieszkakudela.pl\/en\/contact\/#breadcrumb\",\"itemListElement\":[{\"@type\":\"ListItem\",\"position\":1,\"name\":\"Strona g\u0142\u00f3wna\",\"item\":\"https:\/\/agnieszkakudela.pl\/en\/\"},{\"@type\":\"ListItem\",\"position\":2,\"name\":\"Contact\"}]},{\"@type\":\"WebSite\",\"@id\":\"https:\/\/agnieszkakudela.pl\/en\/#website\",\"url\":\"https:\/\/agnieszkakudela.pl\/en\/\",\"name\":\"AgnieszkaKudela.pl\",\"description\":\"Blog parentingowy i modowy, prowadzony przez Wedding Plannerk\u0119, Mam\u0119 2,5 letniego Miko\u0142aja, oczekuj\u0105c\u0105 kolejnego Maluszka.\",\"potentialAction\":[{\"@type\":\"SearchAction\",\"target\":{\"@type\":\"EntryPoint\",\"urlTemplate\":\"https:\/\/agnieszkakudela.pl\/en\/?s={search_term_string}\"},\"query-input\":{\"@type\":\"PropertyValueSpecification\",\"valueRequired\":true,\"valueName\":\"search_term_string\"}}],\"inLanguage\":\"en-US\"}]}<\/script>\n<!-- \/ Yoast SEO plugin. -->","yoast_head_json":{"title":"Contact - AgnieszkaKudela.pl","robots":{"index":"index","follow":"follow","max-snippet":"max-snippet:-1","max-image-preview":"max-image-preview:large","max-video-preview":"max-video-preview:-1"},"og_locale":"en_US","og_type":"article","og_title":"Contact - AgnieszkaKudela.pl","og_description":"E-mail address: &nbsp; Agnieszka Kudela: hello@agnieszkakudela.pl Agnieszka Kudela Collection &#8211; STORE: sklep@agnieszkakudela.pl &nbsp; Correspondence address and office address: Agnieszka Kudela Al. Iberyjska 10\/2 (Tesoro Gardens) 81-198 Pog\u00f3rze near Gdynia Social media: Facebook Instagram Twitter","og_url":"https:\/\/agnieszkakudela.pl\/en\/contact\/","og_site_name":"AgnieszkaKudela.pl","article_modified_time":"2023-11-28T16:06:21+00:00","og_image":[{"url":"https:\/\/agnieszkakudela.pl\/wp-content\/uploads\/2019\/01\/blog-lifestylowy.jpg","type":"","width":"","height":""}],"twitter_card":"summary_large_image","schema":{"@context":"https:\/\/schema.org","@graph":[{"@type":"WebPage","@id":"https:\/\/agnieszkakudela.pl\/en\/contact\/","url":"https:\/\/agnieszkakudela.pl\/en\/contact\/","name":"Contact - AgnieszkaKudela.pl","isPartOf":{"@id":"https:\/\/agnieszkakudela.pl\/en\/#website"},"primaryImageOfPage":{"@id":"https:\/\/agnieszkakudela.pl\/en\/contact\/#primaryimage"},"image":{"@id":"https:\/\/agnieszkakudela.pl\/en\/contact\/#primaryimage"},"thumbnailUrl":"https:\/\/agnieszkakudela.pl\/wp-content\/uploads\/2019\/01\/blog-lifestylowy.jpg","datePublished":"2016-12-08T22:55:53+00:00","dateModified":"2023-11-28T16:06:21+00:00","breadcrumb":{"@id":"https:\/\/agnieszkakudela.pl\/en\/contact\/#breadcrumb"},"inLanguage":"en-US","potentialAction":[{"@type":"ReadAction","target":["https:\/\/agnieszkakudela.pl\/en\/contact\/"]}]},{"@type":"ImageObject","inLanguage":"en-US","@id":"https:\/\/agnieszkakudela.pl\/en\/contact\/#primaryimage","url":"https:\/\/agnieszkakudela.pl\/wp-content\/uploads\/2019\/01\/blog-lifestylowy.jpg","contentUrl":"https:\/\/agnieszkakudela.pl\/wp-content\/uploads\/2019\/01\/blog-lifestylowy.jpg"},{"@type":"BreadcrumbList","@id":"https:\/\/agnieszkakudela.pl\/en\/contact\/#breadcrumb","itemListElement":[{"@type":"ListItem","position":1,"name":"Strona g\u0142\u00f3wna","item":"https:\/\/agnieszkakudela.pl\/en\/"},{"@type":"ListItem","position":2,"name":"Contact"}]},{"@type":"WebSite","@id":"https:\/\/agnieszkakudela.pl\/en\/#website","url":"https:\/\/agnieszkakudela.pl\/en\/","name":"AgnieszkaKudela.pl","description":"Blog parentingowy i modowy, prowadzony przez Wedding Plannerk\u0119, Mam\u0119 2,5 letniego Miko\u0142aja, oczekuj\u0105c\u0105 kolejnego Maluszka.","potentialAction":[{"@type":"SearchAction","target":{"@type":"EntryPoint","urlTemplate":"https:\/\/agnieszkakudela.pl\/en\/?s={search_term_string}"},"query-input":{"@type":"PropertyValueSpecification","valueRequired":true,"valueName":"search_term_string"}}],"inLanguage":"en-US"}]}},"_links":{"self":[{"href":"https:\/\/agnieszkakudela.pl\/en\/wp-json\/wp\/v2\/pages\/61799","targetHints":{"allow":["GET"]}}],"collection":[{"href":"https:\/\/agnieszkakudela.pl\/en\/wp-json\/wp\/v2\/pages"}],"about":[{"href":"https:\/\/agnieszkakudela.pl\/en\/wp-json\/wp\/v2\/types\/page"}],"author":[{"embeddable":true,"href":"https:\/\/agnieszkakudela.pl\/en\/wp-json\/wp\/v2\/users\/1"}],"replies":[{"embeddable":true,"href":"https:\/\/agnieszkakudela.pl\/en\/wp-json\/wp\/v2\/comments?post=61799"}],"version-history":[{"count":0,"href":"https:\/\/agnieszkakudela.pl\/en\/wp-json\/wp\/v2\/pages\/61799\/revisions"}],"wp:attachment":[{"href":"https:\/\/agnieszkakudela.pl\/en\/wp-json\/wp\/v2\/media?parent=61799"}],"curies":[{"name":"wp","href":"https:\/\/api.w.org\/{rel}","templated":true}]}}