{"id":61814,"date":"2019-02-12T12:43:18","date_gmt":"2019-02-12T11:43:18","guid":{"rendered":"https:\/\/dev.agnieszkakudela.pl\/dziekuje-ze-jestes-nieczekamdzialam\/"},"modified":"2023-11-28T17:10:38","modified_gmt":"2023-11-28T16:10:38","slug":"dziekuje-ze-jestes-nieczekamdzialam","status":"publish","type":"page","link":"https:\/\/agnieszkakudela.pl\/en\/dziekuje-ze-jestes-nieczekamdzialam\/","title":{"rendered":"Thank you, that you are!"},"content":{"rendered":"<p><img loading=\"lazy\" decoding=\"async\" class=\"aligncenter size-full wp-image-40116\" src=\"https:\/\/agnieszkakudela.pl\/wp-content\/uploads\/2019\/02\/NieCzekamDzialam.jpg\" alt=\"#NieCzekamDzialam wyzwanie odchudzanie jak schudn\u0105\u0107 20 kg\" width=\"1800\" height=\"1059\" srcset=\"https:\/\/agnieszkakudela.pl\/wp-content\/uploads\/2019\/02\/NieCzekamDzialam.jpg 1800w, https:\/\/agnieszkakudela.pl\/wp-content\/uploads\/2019\/02\/NieCzekamDzialam-600x353.jpg 600w, https:\/\/agnieszkakudela.pl\/wp-content\/uploads\/2019\/02\/NieCzekamDzialam-300x177.jpg 300w, https:\/\/agnieszkakudela.pl\/wp-content\/uploads\/2019\/02\/NieCzekamDzialam-768x452.jpg 768w, https:\/\/agnieszkakudela.pl\/wp-content\/uploads\/2019\/02\/NieCzekamDzialam-1024x602.jpg 1024w\" sizes=\"auto, (max-width: 1800px) 100vw, 1800px\" \/><\/p>\n<p>&nbsp;<\/p>\n<p class=\"gt-block\"><strong>Thank you <\/strong>that you signed up for the challenge and mailing list\u00a0<strong># I&#8217;m waiting, I acted<\/strong>.<\/p>\n<p>&nbsp;<\/p>\n<p class=\"gt-block\"><strong>Within an hour<\/strong>\u00a0you will receive the first message from me\u00a0<strong>with a link to download the free Motivation and Goal Realization Card<\/strong>.<\/p>\n<p>&nbsp;<\/p>\n<p class=\"gt-block\">You will receive messages from me from the e-mail address Pocztowy@agnieszkakudela.pl &#8211; it is worth adding this address to the trusted ones in your e-mail.<br \/>\nIf you do not receive a message from me within an hour, look for it in SPAM (unfortunately, they sometimes fall there), and if it still is not, write to me at mail@agnieszkakudela.pl &#8211; I will help you solve this problem so that you can act together with us!<\/p>\n","protected":false},"excerpt":{"rendered":"<p>&nbsp; Thank you that you signed up for the challenge and mailing list\u00a0# I&#8217;m waiting, I acted. &nbsp; Within an hour\u00a0you will receive the first message from me\u00a0with a link to download the free Motivation and Goal Realization Card. &nbsp; You will receive messages from&#8230;<\/p>\n","protected":false},"author":1,"featured_media":59464,"parent":0,"menu_order":0,"comment_status":"closed","ping_status":"closed","template":"","meta":{"footnotes":""},"class_list":["post-61814","page","type-page","status-publish","has-post-thumbnail","hentry"],"yoast_head":"<!-- This site is optimized with the Yoast SEO plugin v26.5 - https:\/\/yoast.com\/wordpress\/plugins\/seo\/ -->\n<title>Thank you, that you are! - AgnieszkaKudela.pl<\/title>\n<meta name=\"robots\" content=\"index, follow, max-snippet:-1, max-image-preview:large, max-video-preview:-1\" \/>\n<meta property=\"og:locale\" content=\"en_US\" \/>\n<meta property=\"og:type\" content=\"article\" \/>\n<meta property=\"og:title\" content=\"Thank you, that you are! - AgnieszkaKudela.pl\" \/>\n<meta property=\"og:description\" content=\"&nbsp; Thank you that you signed up for the challenge and mailing list\u00a0# I&#8217;m waiting, I acted. &nbsp; Within an hour\u00a0you will receive the first message from me\u00a0with a link to download the free Motivation and Goal Realization Card. &nbsp; You will receive messages from...\" \/>\n<meta property=\"og:url\" content=\"https:\/\/agnieszkakudela.pl\/en\/dziekuje-ze-jestes-nieczekamdzialam\/\" \/>\n<meta property=\"og:site_name\" content=\"AgnieszkaKudela.pl\" \/>\n<meta property=\"article:modified_time\" content=\"2023-11-28T16:10:38+00:00\" \/>\n<meta property=\"og:image\" content=\"https:\/\/agnieszkakudela.pl\/wp-content\/uploads\/2019\/02\/NieCzekamDzialam.jpg\" \/>\n\t<meta property=\"og:image:width\" content=\"1800\" \/>\n\t<meta property=\"og:image:height\" content=\"1059\" \/>\n\t<meta property=\"og:image:type\" content=\"image\/jpeg\" \/>\n<meta name=\"twitter:card\" content=\"summary_large_image\" \/>\n<meta name=\"twitter:label1\" content=\"Est. reading time\" \/>\n\t<meta name=\"twitter:data1\" content=\"1 minute\" \/>\n<script type=\"application\/ld+json\" class=\"yoast-schema-graph\">{\"@context\":\"https:\/\/schema.org\",\"@graph\":[{\"@type\":\"WebPage\",\"@id\":\"https:\/\/agnieszkakudela.pl\/en\/dziekuje-ze-jestes-nieczekamdzialam\/\",\"url\":\"https:\/\/agnieszkakudela.pl\/en\/dziekuje-ze-jestes-nieczekamdzialam\/\",\"name\":\"Thank you, that you are! - AgnieszkaKudela.pl\",\"isPartOf\":{\"@id\":\"https:\/\/agnieszkakudela.pl\/en\/#website\"},\"primaryImageOfPage\":{\"@id\":\"https:\/\/agnieszkakudela.pl\/en\/dziekuje-ze-jestes-nieczekamdzialam\/#primaryimage\"},\"image\":{\"@id\":\"https:\/\/agnieszkakudela.pl\/en\/dziekuje-ze-jestes-nieczekamdzialam\/#primaryimage\"},\"thumbnailUrl\":\"https:\/\/agnieszkakudela.pl\/wp-content\/uploads\/2019\/02\/NieCzekamDzialam.jpg\",\"datePublished\":\"2019-02-12T11:43:18+00:00\",\"dateModified\":\"2023-11-28T16:10:38+00:00\",\"breadcrumb\":{\"@id\":\"https:\/\/agnieszkakudela.pl\/en\/dziekuje-ze-jestes-nieczekamdzialam\/#breadcrumb\"},\"inLanguage\":\"en-US\",\"potentialAction\":[{\"@type\":\"ReadAction\",\"target\":[\"https:\/\/agnieszkakudela.pl\/en\/dziekuje-ze-jestes-nieczekamdzialam\/\"]}]},{\"@type\":\"ImageObject\",\"inLanguage\":\"en-US\",\"@id\":\"https:\/\/agnieszkakudela.pl\/en\/dziekuje-ze-jestes-nieczekamdzialam\/#primaryimage\",\"url\":\"https:\/\/agnieszkakudela.pl\/wp-content\/uploads\/2019\/02\/NieCzekamDzialam.jpg\",\"contentUrl\":\"https:\/\/agnieszkakudela.pl\/wp-content\/uploads\/2019\/02\/NieCzekamDzialam.jpg\",\"width\":1200,\"height\":706},{\"@type\":\"BreadcrumbList\",\"@id\":\"https:\/\/agnieszkakudela.pl\/en\/dziekuje-ze-jestes-nieczekamdzialam\/#breadcrumb\",\"itemListElement\":[{\"@type\":\"ListItem\",\"position\":1,\"name\":\"Strona g\u0142\u00f3wna\",\"item\":\"https:\/\/agnieszkakudela.pl\/en\/\"},{\"@type\":\"ListItem\",\"position\":2,\"name\":\"Thank you, that you are!\"}]},{\"@type\":\"WebSite\",\"@id\":\"https:\/\/agnieszkakudela.pl\/en\/#website\",\"url\":\"https:\/\/agnieszkakudela.pl\/en\/\",\"name\":\"AgnieszkaKudela.pl\",\"description\":\"Blog parentingowy i modowy, prowadzony przez Wedding Plannerk\u0119, Mam\u0119 2,5 letniego Miko\u0142aja, oczekuj\u0105c\u0105 kolejnego Maluszka.\",\"potentialAction\":[{\"@type\":\"SearchAction\",\"target\":{\"@type\":\"EntryPoint\",\"urlTemplate\":\"https:\/\/agnieszkakudela.pl\/en\/?s={search_term_string}\"},\"query-input\":{\"@type\":\"PropertyValueSpecification\",\"valueRequired\":true,\"valueName\":\"search_term_string\"}}],\"inLanguage\":\"en-US\"}]}<\/script>\n<!-- \/ Yoast SEO plugin. -->","yoast_head_json":{"title":"Thank you, that you are! - AgnieszkaKudela.pl","robots":{"index":"index","follow":"follow","max-snippet":"max-snippet:-1","max-image-preview":"max-image-preview:large","max-video-preview":"max-video-preview:-1"},"og_locale":"en_US","og_type":"article","og_title":"Thank you, that you are! - AgnieszkaKudela.pl","og_description":"&nbsp; Thank you that you signed up for the challenge and mailing list\u00a0# I&#8217;m waiting, I acted. &nbsp; Within an hour\u00a0you will receive the first message from me\u00a0with a link to download the free Motivation and Goal Realization Card. &nbsp; You will receive messages from...","og_url":"https:\/\/agnieszkakudela.pl\/en\/dziekuje-ze-jestes-nieczekamdzialam\/","og_site_name":"AgnieszkaKudela.pl","article_modified_time":"2023-11-28T16:10:38+00:00","og_image":[{"width":1800,"height":1059,"url":"https:\/\/agnieszkakudela.pl\/wp-content\/uploads\/2019\/02\/NieCzekamDzialam.jpg","type":"image\/jpeg"}],"twitter_card":"summary_large_image","twitter_misc":{"Est. reading time":"1 minute"},"schema":{"@context":"https:\/\/schema.org","@graph":[{"@type":"WebPage","@id":"https:\/\/agnieszkakudela.pl\/en\/dziekuje-ze-jestes-nieczekamdzialam\/","url":"https:\/\/agnieszkakudela.pl\/en\/dziekuje-ze-jestes-nieczekamdzialam\/","name":"Thank you, that you are! - AgnieszkaKudela.pl","isPartOf":{"@id":"https:\/\/agnieszkakudela.pl\/en\/#website"},"primaryImageOfPage":{"@id":"https:\/\/agnieszkakudela.pl\/en\/dziekuje-ze-jestes-nieczekamdzialam\/#primaryimage"},"image":{"@id":"https:\/\/agnieszkakudela.pl\/en\/dziekuje-ze-jestes-nieczekamdzialam\/#primaryimage"},"thumbnailUrl":"https:\/\/agnieszkakudela.pl\/wp-content\/uploads\/2019\/02\/NieCzekamDzialam.jpg","datePublished":"2019-02-12T11:43:18+00:00","dateModified":"2023-11-28T16:10:38+00:00","breadcrumb":{"@id":"https:\/\/agnieszkakudela.pl\/en\/dziekuje-ze-jestes-nieczekamdzialam\/#breadcrumb"},"inLanguage":"en-US","potentialAction":[{"@type":"ReadAction","target":["https:\/\/agnieszkakudela.pl\/en\/dziekuje-ze-jestes-nieczekamdzialam\/"]}]},{"@type":"ImageObject","inLanguage":"en-US","@id":"https:\/\/agnieszkakudela.pl\/en\/dziekuje-ze-jestes-nieczekamdzialam\/#primaryimage","url":"https:\/\/agnieszkakudela.pl\/wp-content\/uploads\/2019\/02\/NieCzekamDzialam.jpg","contentUrl":"https:\/\/agnieszkakudela.pl\/wp-content\/uploads\/2019\/02\/NieCzekamDzialam.jpg","width":1200,"height":706},{"@type":"BreadcrumbList","@id":"https:\/\/agnieszkakudela.pl\/en\/dziekuje-ze-jestes-nieczekamdzialam\/#breadcrumb","itemListElement":[{"@type":"ListItem","position":1,"name":"Strona g\u0142\u00f3wna","item":"https:\/\/agnieszkakudela.pl\/en\/"},{"@type":"ListItem","position":2,"name":"Thank you, that you are!"}]},{"@type":"WebSite","@id":"https:\/\/agnieszkakudela.pl\/en\/#website","url":"https:\/\/agnieszkakudela.pl\/en\/","name":"AgnieszkaKudela.pl","description":"Blog parentingowy i modowy, prowadzony przez Wedding Plannerk\u0119, Mam\u0119 2,5 letniego Miko\u0142aja, oczekuj\u0105c\u0105 kolejnego Maluszka.","potentialAction":[{"@type":"SearchAction","target":{"@type":"EntryPoint","urlTemplate":"https:\/\/agnieszkakudela.pl\/en\/?s={search_term_string}"},"query-input":{"@type":"PropertyValueSpecification","valueRequired":true,"valueName":"search_term_string"}}],"inLanguage":"en-US"}]}},"_links":{"self":[{"href":"https:\/\/agnieszkakudela.pl\/en\/wp-json\/wp\/v2\/pages\/61814","targetHints":{"allow":["GET"]}}],"collection":[{"href":"https:\/\/agnieszkakudela.pl\/en\/wp-json\/wp\/v2\/pages"}],"about":[{"href":"https:\/\/agnieszkakudela.pl\/en\/wp-json\/wp\/v2\/types\/page"}],"author":[{"embeddable":true,"href":"https:\/\/agnieszkakudela.pl\/en\/wp-json\/wp\/v2\/users\/1"}],"replies":[{"embeddable":true,"href":"https:\/\/agnieszkakudela.pl\/en\/wp-json\/wp\/v2\/comments?post=61814"}],"version-history":[{"count":0,"href":"https:\/\/agnieszkakudela.pl\/en\/wp-json\/wp\/v2\/pages\/61814\/revisions"}],"wp:featuredmedia":[{"embeddable":true,"href":"https:\/\/agnieszkakudela.pl\/en\/wp-json\/wp\/v2\/media\/59464"}],"wp:attachment":[{"href":"https:\/\/agnieszkakudela.pl\/en\/wp-json\/wp\/v2\/media?parent=61814"}],"curies":[{"name":"wp","href":"https:\/\/api.w.org\/{rel}","templated":true}]}}