{"id":61833,"date":"2018-10-08T14:07:43","date_gmt":"2018-10-08T12:07:43","guid":{"rendered":"https:\/\/dev.agnieszkakudela.pl\/hello\/"},"modified":"2023-11-28T17:58:26","modified_gmt":"2023-11-28T16:58:26","slug":"hello","status":"publish","type":"page","link":"https:\/\/agnieszkakudela.pl\/en\/hello\/","title":{"rendered":"Hello"},"content":{"rendered":"<div class=\"wpb-content-wrapper\"><p>[vc_row css=&#8221;.vc_custom_1539082725771{margin-top: 0px !important;padding-top: 0px !important;}&#8221;][vc_column][vc_row_inner][vc_column_inner]<a href=\"https:\/\/akademia.wytworniaslubow.pl\/\" target=\"_blank\" style=\"color: #f9f6f3;border-color: #816040\" class=\"qodef-btn qodef-btn-huge-full-width qodef-btn-solid qodef-btn-custom-hover-bg qodef-btn-custom-border-hover qodef-btn-custom-hover-color button-hello\" data-hover-bg-color=\"#768692\" data-hover-color=\"#f9f6f3\" data-hover-border-color=\"#768692\" >\n    <span class=\"qodef-btn-text\">HOW TO BECOME A WEDDING PLANNER AND BE SUCCESSFUL?<\/span>\n    <\/a>[\/vc_column_inner][\/vc_row_inner][vc_empty_space height=&#8221;12px&#8221;][vc_row_inner][vc_column_inner]<a href=\"https:\/\/agnieszkakudela.pl\/en\/\" target=\"_blank\" style=\"color: #2b2a25\" class=\"qodef-btn qodef-btn-huge-full-width qodef-btn-solid qodef-btn-custom-hover-color button-hello-2\" data-hover-color=\"#2b2a25\" >\n    <span class=\"qodef-btn-text\">BLOG<\/span>\n    <\/a>[\/vc_column_inner][\/vc_row_inner][vc_empty_space height=&#8221;12px&#8221;][vc_row_inner][vc_column_inner]<a href=\"#\" target=\"_blank\" style=\"color: #2b2a25\" class=\"qodef-btn qodef-btn-huge-full-width qodef-btn-solid qodef-btn-custom-hover-color button-hello-2\" data-hover-color=\"#2b2a25\" >\n    <span class=\"qodef-btn-text\">WEDDING LABEL<\/span>\n    <\/a>[\/vc_column_inner][\/vc_row_inner][vc_empty_space height=&#8221;12px&#8221;][\/vc_column][\/vc_row][vc_row content_aligment=&#8221;center&#8221;][vc_column][vc_empty_space][vc_column_text]<\/p>\n<h2 style=\"text-align: center;\">Recent posts<\/h2>\n<p style=\"text-align: center;\">\n<p>[\/vc_column_text]<div class=\"qodef-blog-list-holder qodef-boxes qodef-one-column\">\n\t<ul class=\"qodef-blog-list\">\n\t<li class=\"qodef-blog-list-item clearfix\" style=\"margin-bottom: 25px;\">\n\t<div class=\"qodef-blog-list-item-inner\">\n\t\t<div class=\"qodef-item-text-holder\">\n\t\t\t<div class=\"qodef-item-info-section\">\n\n\t\t\t\t<div class=\"qodef-post-info-date\">\n\t\t\tPublikacja: <span itemprop=\"datePublished\">05.12.2023<\/span><\/div>\t\t\t<\/div>\n\n\t\t\t<h3 class=\"qodef-item-title\">\n\t\t\t\t<a href=\"https:\/\/agnieszkakudela.pl\/en\/easywalker-jimmey\/\" >\n\t\t\t\t\tEasywalker Jimmey\t\t\t\t<\/a>\n\t\t\t<\/h3>\n\t\t\t\n\t\t\t\t\t<\/div>\n\t\t<div class=\"qodef-item-image\">\n\t\t\t<a href=\"https:\/\/agnieszkakudela.pl\/en\/easywalker-jimmey\/\">\n\t\t\t\t<img loading=\"lazy\" decoding=\"async\" width=\"800\" height=\"600\" src=\"https:\/\/agnieszkakudela.pl\/wp-content\/uploads\/2023\/12\/033-800x600.jpg\" class=\"attachment-kloe_qodef_landscape size-kloe_qodef_landscape wp-post-image\" alt=\"\" \/>\t\t\t\t\n\t\t\t<\/a>\n\t\t<\/div>\n\t<\/div>\t\n<\/li><li class=\"qodef-blog-list-item clearfix\" style=\"margin-bottom: 25px;\">\n\t<div class=\"qodef-blog-list-item-inner\">\n\t\t<div class=\"qodef-item-text-holder\">\n\t\t\t<div class=\"qodef-item-info-section\">\n\n\t\t\t\t<div class=\"qodef-post-info-date\">\n\t\t\tPublikacja: <span itemprop=\"datePublished\">05.12.2023<\/span> | &nbsp;Aktualizacja:&nbsp;<span itemprop=\"dateModified\">28.11.2024<\/span> <\/div>\t\t\t<\/div>\n\n\t\t\t<h3 class=\"qodef-item-title\">\n\t\t\t\t<a href=\"https:\/\/agnieszkakudela.pl\/en\/easywalker-jackey\/\" >\n\t\t\t\t\tEasywalker Jackey\t\t\t\t<\/a>\n\t\t\t<\/h3>\n\t\t\t\n\t\t\t\t\t<\/div>\n\t\t<div class=\"qodef-item-image\">\n\t\t\t<a href=\"https:\/\/agnieszkakudela.pl\/en\/easywalker-jackey\/\">\n\t\t\t\t<img loading=\"lazy\" decoding=\"async\" width=\"800\" height=\"600\" src=\"https:\/\/agnieszkakudela.pl\/wp-content\/uploads\/2023\/12\/Wozek-Easywalker-Jackey-test-wozka-1-800x600.jpg\" class=\"attachment-kloe_qodef_landscape size-kloe_qodef_landscape wp-post-image\" alt=\"test w\u00f3zka Easywalker Jimmey\" \/>\t\t\t\t\n\t\t\t<\/a>\n\t\t<\/div>\n\t<\/div>\t\n<\/li><li class=\"qodef-blog-list-item clearfix\" style=\"margin-bottom: 25px;\">\n\t<div class=\"qodef-blog-list-item-inner\">\n\t\t<div class=\"qodef-item-text-holder\">\n\t\t\t<div class=\"qodef-item-info-section\">\n\n\t\t\t\t<div class=\"qodef-post-info-date\">\n\t\t\tPublikacja: <span itemprop=\"datePublished\">04.12.2023<\/span> | &nbsp;Aktualizacja:&nbsp;<span itemprop=\"dateModified\">06.12.2023<\/span> <\/div>\t\t\t<\/div>\n\n\t\t\t<h3 class=\"qodef-item-title\">\n\t\t\t\t<a href=\"https:\/\/agnieszkakudela.pl\/en\/najczesciej-popelniane-bledy-w-organizacji-wesela-ekspert-w-dzien-dobry-tvn-obejrzyj-odcinek\/\" >\n\t\t\t\t\tThe most common mistakes when organizing a wedding &#8211; Expert in Dzie\u0144 Dobry TVN &#8211; watch the episode\t\t\t\t<\/a>\n\t\t\t<\/h3>\n\t\t\t\n\t\t\t\t\t<\/div>\n\t\t<div class=\"qodef-item-image\">\n\t\t\t<a href=\"https:\/\/agnieszkakudela.pl\/en\/najczesciej-popelniane-bledy-w-organizacji-wesela-ekspert-w-dzien-dobry-tvn-obejrzyj-odcinek\/\">\n\t\t\t\t<img loading=\"lazy\" decoding=\"async\" width=\"800\" height=\"600\" src=\"https:\/\/agnieszkakudela.pl\/wp-content\/uploads\/2023\/12\/Agnieszka-Kudela-Dzien-dobry-TVN-Bledy-w-organizacji-slubu-800x600.jpg\" class=\"attachment-kloe_qodef_landscape size-kloe_qodef_landscape wp-post-image\" alt=\"Najcz\u0119\u015bciej pope\u0142niane b\u0142\u0119dy w organizacji wesela\" \/>\t\t\t\t\n\t\t\t<\/a>\n\t\t<\/div>\n\t<\/div>\t\n<\/li>\t<\/ul>\t\n<\/div>\n[vc_empty_space][\/vc_column][\/vc_row][vc_row content_aligment=&#8221;center&#8221; el_class=&#8221;przyciski&#8221;][vc_column]<a href=\"https:\/\/agnieszkakudela.pl\/en\/\" target=\"_blank\"  class=\"qodef-btn qodef-btn-medium qodef-btn-solid\"  >\n    <span class=\"qodef-btn-text\">See more posts<\/span>\n    <\/a>[vc_empty_space][\/vc_column][\/vc_row][vc_row content_aligment=&#8221;center&#8221; css=&#8221;.vc_custom_1538997152640{padding-top: 100px !important;padding-bottom: 100px !important;background-color: #faefee !important;}&#8221;][vc_column][vc_column_text]<\/p>\n<h2>Don&#8217;t wait with your dreams, become a Wedding Planner today<\/h2>\n<p>[\/vc_column_text][vc_empty_space]<a href=\"http:\/\/kurs.konsultant-slubny.com\/zapisz-sie\/\" target=\"_blank\" style=\"border-color: #ffffff\" class=\"qodef-btn qodef-btn-medium qodef-btn-solid\"  >\n    <span class=\"qodef-btn-text\">Zapisz si\u0119<\/span>\n    <\/a>[\/vc_column][\/vc_row][vc_row][vc_column width=&#8221;1\/3&#8243; css=&#8221;.vc_custom_1538998482665{margin-right: 0px !important;margin-left: 0px !important;padding-right: 0px !important;padding-left: 0px !important;}&#8221;][vc_single_image image=&#8221;59257&#8243; img_size=&#8221;full&#8221;][\/vc_column][vc_column width=&#8221;2\/3&#8243; css=&#8221;.vc_custom_1538998521643{padding-top: 10% !important;padding-bottom: 10% !important;}&#8221;][vc_column_text]Hello!<\/p>\n<p>I am Agnieszka and I have been running my own business for 11 years.<\/p>\n<p>I became a Wedding Planner because love is my life sign, so in my private life I also fulfill myself &#8211; as a wife and mother of two boys.[\/vc_column_text][\/vc_column][\/vc_row][vc_row el_class=&#8221;stopka-ikony&#8221;][vc_column][vc_row_inner css=&#8221;.vc_custom_1539083682425{background-color: #faefee !important;}&#8221;][vc_column_inner][vc_raw_html]PGRpdiBjbGFzcz0icW9kZWYtdG9wLWJhciI+DQo8ZGl2IGNsYXNzPSJxb2RlZi1ncmlkIj4NCjxkaXYgY2xhc3M9InFvZGVmLXZlcnRpY2FsLWFsaWduLWNvbnRhaW5lcnMgcW9kZWYtNTAtNTAiPg0KPGRpdiBjbGFzcz0icW9kZWYtcG9zaXRpb24tbGVmdCI+DQo8ZGl2IGNsYXNzPSJxb2RlZi1wb3NpdGlvbi1sZWZ0LWlubmVyIj4NCjxkaXYgaWQ9InRleHQtMyIgY2xhc3M9IndpZGdldCB3aWRnZXRfdGV4dCBxb2RlZi10b3AtYmFyLXdpZGdldCI+DQo8ZGl2IGNsYXNzPSJ0ZXh0d2lkZ2V0Ij48c3BhbiBjbGFzcz0icW9kZWYtaWNvbi1zaG9ydGNvZGUgbm9ybWFsIHFvZGVmLWljb24taG92ZXItZWZmZWN0IiBzdHlsZT0ibWFyZ2luOiAwIDJweCAwIDBweDsiIGRhdGEtaG92ZXItY29sb3I9IiNmZmZmZmYiIGRhdGEtY29sb3I9IiNmZmZmZmYiPjxzcGFuIGNsYXNzPSJxb2RlZi1pY29uLXNob3J0Y29kZSBub3JtYWwgcW9kZWYtaWNvbi1ob3Zlci1lZmZlY3QiIHN0eWxlPSJtYXJnaW46IDAgMnB4IDAgMHB4OyIgZGF0YS1ob3Zlci1jb2xvcj0iI2ZmZmZmZiIgZGF0YS1jb2xvcj0iI2ZmZmZmZiI+DQo8L3NwYW4+PC9zcGFuPiZuYnNwOw0KDQo8c3BhbiBjbGFzcz0icW9kZWYtaWNvbi1zaG9ydGNvZGUgbm9ybWFsIHFvZGVmLWljb24taG92ZXItZWZmZWN0IiBzdHlsZT0ibWFyZ2luOiAwIDJweCAwIDBweDsiIGRhdGEtaG92ZXItY29sb3I9IiNmZmZmZmYiIGRhdGEtY29sb3I9IiNmZmZmZmYiPg0KDQo8L3NwYW4+PGEgaHJlZj0iaHR0cHM6Ly9kZXYuYWduaWVzemtha3VkZWxhLnBsL28tbW5pZS8iPk8gbW5pZTwvYT4NCg0KPHNwYW4gY2xhc3M9InFvZGVmLWljb24tc2hvcnRjb2RlIG5vcm1hbCBxb2RlZi1pY29uLWhvdmVyLWVmZmVjdCIgc3R5bGU9Im1hcmdpbjogMCAycHggMCAyMHB4OyIgZGF0YS1ob3Zlci1jb2xvcj0iI2ZmZmZmZiIgZGF0YS1jb2xvcj0iI2ZmZmZmZiI+wqA8L3NwYW4+DQoNCjxpIGNsYXNzPSJxb2RlZi1pY29uLWZvbnQtYXdlc29tZSBmYSBmYS1oYW5kc2hha2UtbyBxb2RlZi1pY29uLWVsZW1lbnQiIHN0eWxlPSJjb2xvcjogI2ZmZmZmZjsgZm9udC1zaXplOiAxM3B4OyI+PC9pPg0KDQoNCjxhIGhyZWY9Imh0dHBzOi8vZGV2LmFnbmllc3prYWt1ZGVsYS5wbC93c3BvbHByYWNhLyI+V3Nww7PFgnByYWNhPC9hPg0KDQo8c3BhbiBjbGFzcz0icW9kZWYtaWNvbi1zaG9ydGNvZGUgbm9ybWFsIHFvZGVmLWljb24taG92ZXItZWZmZWN0IiBzdHlsZT0ibWFyZ2luOiAwIDJweCAwIDIwcHg7IiBkYXRhLWhvdmVyLWNvbG9yPSIjZmZmZmZmIiBkYXRhLWNvbG9yPSIjZmZmZmZmIj7CoDwvc3Bhbj4NCg0KPGkgY2xhc3M9InFvZGVmLWljb24tZm9udC1hd2Vzb21lIGZhIGZhLWVudmVsb3BlIHFvZGVmLWljb24tZWxlbWVudCIgc3R5bGU9ImNvbG9yOiAjZmZmZmZmOyBmb250LXNpemU6IDEzcHg7Ij48L2k+DQoNCg0KPGEgaHJlZj0iaHR0cHM6Ly9kZXYuYWduaWVzemtha3VkZWxhLnBsL2VuL2NvbnRhY3QvIj5Lb250YWt0PC9hPg0KDQo8L2Rpdj4NCjwvZGl2Pg0KPC9kaXY+DQo8L2Rpdj4NCjxkaXYgY2xhc3M9InFvZGVmLXBvc2l0aW9uLXJpZ2h0Ij4NCjxkaXYgY2xhc3M9InFvZGVmLXBvc2l0aW9uLXJpZ2h0LWlubmVyIj4NCjxkaXYgaWQ9InRleHQtNiIgY2xhc3M9IndpZGdldCB3aWRnZXRfdGV4dCBxb2RlZi10b3AtYmFyLXdpZGdldCI+DQo8ZGl2IGNsYXNzPSJ0ZXh0d2lkZ2V0Ij48c3BhbiBjbGFzcz0icW9kZWYtaWNvbi1zaG9ydGNvZGUgbm9ybWFsIHFvZGVmLWljb24taG92ZXItZWZmZWN0IiBzdHlsZT0ibWFyZ2luOiAwcHggNHB4IDBweCAxNXB4OyIgZGF0YS1ob3Zlci1jb2xvcj0iI2VhOTE5NSIgZGF0YS1jb2xvcj0iI2ZmZmZmZiI+PHNwYW4gY2xhc3M9InFvZGVmLWljb24tc2hvcnRjb2RlIG5vcm1hbCBxb2RlZi1pY29uLWhvdmVyLWVmZmVjdCIgc3R5bGU9Im1hcmdpbjogMHB4IDRweCAwcHggMTVweDsiIGRhdGEtaG92ZXItY29sb3I9IiNlYTkxOTUiIGRhdGEtY29sb3I9IiNmZmZmZmYiPg0KPC9zcGFuPjwvc3Bhbj4mbmJzcDsNCg0KPHNwYW4gY2xhc3M9InFvZGVmLWljb24tc2hvcnRjb2RlIG5vcm1hbCBxb2RlZi1pY29uLWhvdmVyLWVmZmVjdCIgc3R5bGU9Im1hcmdpbjogMHB4IDRweCAwcHggMTVweDsiIGRhdGEtaG92ZXItY29sb3I9IiNlYTkxOTUiIGRhdGEtY29sb3I9IiNmZmZmZmYiPg0KDQo8L3NwYW4+PHNwYW4gY2xhc3M9InFvZGVmLWljb24tc2hvcnRjb2RlIG5vcm1hbCBxb2RlZi1pY29uLWhvdmVyLWVmZmVjdCIgc3R5bGU9Im1hcmdpbjogMHB4IDRweDsiIGRhdGEtaG92ZXItY29sb3I9IiNlYTkxOTUiIGRhdGEtY29sb3I9IiNmZmZmZmYiPsKgPC9zcGFuPg0KDQombmJzcDsNCg0KPHNwYW4gY2xhc3M9InFvZGVmLWljb24tc2hvcnRjb2RlIG5vcm1hbCBxb2RlZi1pY29uLWhvdmVyLWVmZmVjdCIgc3R5bGU9Im1hcmdpbjogMHB4IDRweDsiIGRhdGEtaG92ZXItY29sb3I9IiNlYTkxOTUiIGRhdGEtY29sb3I9IiNmZmZmZmYiPsKgPC9zcGFuPg0KDQombmJzcDsNCg0KPHNwYW4gY2xhc3M9InFvZGVmLWljb24tc2hvcnRjb2RlIG5vcm1hbCBxb2RlZi1pY29uLWhvdmVyLWVmZmVjdCIgc3R5bGU9Im1hcmdpbjogMHB4IDRweDsiIGRhdGEtaG92ZXItY29sb3I9IiNlYTkxOTUiIGRhdGEtY29sb3I9IiNmZmZmZmYiPsKgPC9zcGFuPg0KDQombmJzcDsNCg0KPHNwYW4gY2xhc3M9InFvZGVmLWljb24tc2hvcnRjb2RlIG5vcm1hbCBxb2RlZi1pY29uLWhvdmVyLWVmZmVjdCIgc3R5bGU9Im1hcmdpbjogMCAwIDAgNHB4OyIgZGF0YS1ob3Zlci1jb2xvcj0iI2VhOTE5NSIgZGF0YS1jb2xvcj0iI2ZmZmZmZiI+wqA8L3NwYW4+DQoNCiZuYnNwOw0KDQo8L2Rpdj4NCjwvZGl2Pg0KPC9kaXY+DQo8L2Rpdj4NCjwvZGl2Pg0KPC9kaXY+DQo8L2Rpdj4=[\/vc_raw_html][\/vc_column_inner][\/vc_row_inner][\/vc_column][\/vc_row]&nbsp;<\/p>\n<\/div>","protected":false},"excerpt":{"rendered":"<p>[vc_row css=&#8221;.vc_custom_1539082725771{margin-top: 0px !important;padding-top: 0px !important;}&#8221;][vc_column][vc_row_inner][vc_column_inner][\/vc_column_inner][\/vc_row_inner][vc_empty_space height=&#8221;12px&#8221;][vc_row_inner][vc_column_inner][\/vc_column_inner][\/vc_row_inner][vc_empty_space height=&#8221;12px&#8221;][vc_row_inner][vc_column_inner][\/vc_column_inner][\/vc_row_inner][vc_empty_space height=&#8221;12px&#8221;][\/vc_column][\/vc_row][vc_row content_aligment=&#8221;center&#8221;][vc_column][vc_empty_space][vc_column_text] Recent posts [\/vc_column_text][vc_empty_space][\/vc_column][\/vc_row][vc_row content_aligment=&#8221;center&#8221; el_class=&#8221;przyciski&#8221;][vc_column][vc_empty_space][\/vc_column][\/vc_row][vc_row content_aligment=&#8221;center&#8221; css=&#8221;.vc_custom_1538997152640{padding-top: 100px !important;padding-bottom: 100px !important;background-color: #faefee !important;}&#8221;][vc_column][vc_column_text] Don&#8217;t wait with your dreams, become a Wedding Planner today [\/vc_column_text][vc_empty_space][\/vc_column][\/vc_row][vc_row][vc_column width=&#8221;1\/3&#8243; css=&#8221;.vc_custom_1538998482665{margin-right: 0px !important;margin-left: 0px !important;padding-right: 0px !important;padding-left: 0px !important;}&#8221;][vc_single_image image=&#8221;59257&#8243;&#8230;<\/p>\n","protected":false},"author":6,"featured_media":0,"parent":0,"menu_order":0,"comment_status":"closed","ping_status":"closed","template":"","meta":{"footnotes":""},"class_list":["post-61833","page","type-page","status-publish","hentry"],"yoast_head":"<!-- This site is optimized with the Yoast SEO plugin v26.5 - https:\/\/yoast.com\/wordpress\/plugins\/seo\/ -->\n<title>Hello - AgnieszkaKudela.pl<\/title>\n<meta name=\"robots\" content=\"index, follow, max-snippet:-1, max-image-preview:large, max-video-preview:-1\" \/>\n<meta property=\"og:locale\" content=\"en_US\" \/>\n<meta property=\"og:type\" content=\"article\" \/>\n<meta property=\"og:title\" content=\"Hello - AgnieszkaKudela.pl\" \/>\n<meta property=\"og:description\" content=\"[vc_row css=&#8221;.vc_custom_1539082725771{margin-top: 0px !important;padding-top: 0px !important;}&#8221;][vc_column][vc_row_inner][vc_column_inner][\/vc_column_inner][\/vc_row_inner][vc_empty_space height=&#8221;12px&#8221;][vc_row_inner][vc_column_inner][\/vc_column_inner][\/vc_row_inner][vc_empty_space height=&#8221;12px&#8221;][vc_row_inner][vc_column_inner][\/vc_column_inner][\/vc_row_inner][vc_empty_space height=&#8221;12px&#8221;][\/vc_column][\/vc_row][vc_row content_aligment=&#8221;center&#8221;][vc_column][vc_empty_space][vc_column_text] Recent posts [\/vc_column_text][vc_empty_space][\/vc_column][\/vc_row][vc_row content_aligment=&#8221;center&#8221; el_class=&#8221;przyciski&#8221;][vc_column][vc_empty_space][\/vc_column][\/vc_row][vc_row content_aligment=&#8221;center&#8221; css=&#8221;.vc_custom_1538997152640{padding-top: 100px !important;padding-bottom: 100px !important;background-color: #faefee !important;}&#8221;][vc_column][vc_column_text] Don&#8217;t wait with your dreams, become a Wedding Planner today [\/vc_column_text][vc_empty_space][\/vc_column][\/vc_row][vc_row][vc_column width=&#8221;1\/3&#8243; css=&#8221;.vc_custom_1538998482665{margin-right: 0px !important;margin-left: 0px !important;padding-right: 0px !important;padding-left: 0px !important;}&#8221;][vc_single_image image=&#8221;59257&#8243;...\" \/>\n<meta property=\"og:url\" content=\"https:\/\/agnieszkakudela.pl\/en\/hello\/\" \/>\n<meta property=\"og:site_name\" content=\"AgnieszkaKudela.pl\" \/>\n<meta property=\"article:modified_time\" content=\"2023-11-28T16:58:26+00:00\" \/>\n<meta property=\"og:image\" content=\"https:\/\/agnieszkakudela.pl\/wp-content\/uploads\/2020\/11\/Agnieszka-Kudela-logo.png\" \/>\n\t<meta property=\"og:image:width\" content=\"844\" \/>\n\t<meta property=\"og:image:height\" content=\"100\" \/>\n\t<meta property=\"og:image:type\" content=\"image\/png\" \/>\n<meta name=\"twitter:card\" content=\"summary_large_image\" \/>\n<meta name=\"twitter:label1\" content=\"Est. reading time\" \/>\n\t<meta name=\"twitter:data1\" content=\"2 minutes\" \/>\n<script type=\"application\/ld+json\" class=\"yoast-schema-graph\">{\"@context\":\"https:\/\/schema.org\",\"@graph\":[{\"@type\":\"WebPage\",\"@id\":\"https:\/\/agnieszkakudela.pl\/en\/hello\/\",\"url\":\"https:\/\/agnieszkakudela.pl\/en\/hello\/\",\"name\":\"Hello - AgnieszkaKudela.pl\",\"isPartOf\":{\"@id\":\"https:\/\/agnieszkakudela.pl\/en\/#website\"},\"datePublished\":\"2018-10-08T12:07:43+00:00\",\"dateModified\":\"2023-11-28T16:58:26+00:00\",\"breadcrumb\":{\"@id\":\"https:\/\/agnieszkakudela.pl\/en\/hello\/#breadcrumb\"},\"inLanguage\":\"en-US\",\"potentialAction\":[{\"@type\":\"ReadAction\",\"target\":[\"https:\/\/agnieszkakudela.pl\/en\/hello\/\"]}]},{\"@type\":\"BreadcrumbList\",\"@id\":\"https:\/\/agnieszkakudela.pl\/en\/hello\/#breadcrumb\",\"itemListElement\":[{\"@type\":\"ListItem\",\"position\":1,\"name\":\"Strona g\u0142\u00f3wna\",\"item\":\"https:\/\/agnieszkakudela.pl\/en\/\"},{\"@type\":\"ListItem\",\"position\":2,\"name\":\"Hello\"}]},{\"@type\":\"WebSite\",\"@id\":\"https:\/\/agnieszkakudela.pl\/en\/#website\",\"url\":\"https:\/\/agnieszkakudela.pl\/en\/\",\"name\":\"AgnieszkaKudela.pl\",\"description\":\"Blog parentingowy i modowy, prowadzony przez Wedding Plannerk\u0119, Mam\u0119 2,5 letniego Miko\u0142aja, oczekuj\u0105c\u0105 kolejnego Maluszka.\",\"potentialAction\":[{\"@type\":\"SearchAction\",\"target\":{\"@type\":\"EntryPoint\",\"urlTemplate\":\"https:\/\/agnieszkakudela.pl\/en\/?s={search_term_string}\"},\"query-input\":{\"@type\":\"PropertyValueSpecification\",\"valueRequired\":true,\"valueName\":\"search_term_string\"}}],\"inLanguage\":\"en-US\"}]}<\/script>\n<!-- \/ Yoast SEO plugin. -->","yoast_head_json":{"title":"Hello - AgnieszkaKudela.pl","robots":{"index":"index","follow":"follow","max-snippet":"max-snippet:-1","max-image-preview":"max-image-preview:large","max-video-preview":"max-video-preview:-1"},"og_locale":"en_US","og_type":"article","og_title":"Hello - AgnieszkaKudela.pl","og_description":"[vc_row css=&#8221;.vc_custom_1539082725771{margin-top: 0px !important;padding-top: 0px !important;}&#8221;][vc_column][vc_row_inner][vc_column_inner][\/vc_column_inner][\/vc_row_inner][vc_empty_space height=&#8221;12px&#8221;][vc_row_inner][vc_column_inner][\/vc_column_inner][\/vc_row_inner][vc_empty_space height=&#8221;12px&#8221;][vc_row_inner][vc_column_inner][\/vc_column_inner][\/vc_row_inner][vc_empty_space height=&#8221;12px&#8221;][\/vc_column][\/vc_row][vc_row content_aligment=&#8221;center&#8221;][vc_column][vc_empty_space][vc_column_text] Recent posts [\/vc_column_text][vc_empty_space][\/vc_column][\/vc_row][vc_row content_aligment=&#8221;center&#8221; el_class=&#8221;przyciski&#8221;][vc_column][vc_empty_space][\/vc_column][\/vc_row][vc_row content_aligment=&#8221;center&#8221; css=&#8221;.vc_custom_1538997152640{padding-top: 100px !important;padding-bottom: 100px !important;background-color: #faefee !important;}&#8221;][vc_column][vc_column_text] Don&#8217;t wait with your dreams, become a Wedding Planner today [\/vc_column_text][vc_empty_space][\/vc_column][\/vc_row][vc_row][vc_column width=&#8221;1\/3&#8243; css=&#8221;.vc_custom_1538998482665{margin-right: 0px !important;margin-left: 0px !important;padding-right: 0px !important;padding-left: 0px !important;}&#8221;][vc_single_image image=&#8221;59257&#8243;...","og_url":"https:\/\/agnieszkakudela.pl\/en\/hello\/","og_site_name":"AgnieszkaKudela.pl","article_modified_time":"2023-11-28T16:58:26+00:00","og_image":[{"width":844,"height":100,"url":"https:\/\/agnieszkakudela.pl\/wp-content\/uploads\/2020\/11\/Agnieszka-Kudela-logo.png","type":"image\/png"}],"twitter_card":"summary_large_image","twitter_misc":{"Est. reading time":"2 minutes"},"schema":{"@context":"https:\/\/schema.org","@graph":[{"@type":"WebPage","@id":"https:\/\/agnieszkakudela.pl\/en\/hello\/","url":"https:\/\/agnieszkakudela.pl\/en\/hello\/","name":"Hello - AgnieszkaKudela.pl","isPartOf":{"@id":"https:\/\/agnieszkakudela.pl\/en\/#website"},"datePublished":"2018-10-08T12:07:43+00:00","dateModified":"2023-11-28T16:58:26+00:00","breadcrumb":{"@id":"https:\/\/agnieszkakudela.pl\/en\/hello\/#breadcrumb"},"inLanguage":"en-US","potentialAction":[{"@type":"ReadAction","target":["https:\/\/agnieszkakudela.pl\/en\/hello\/"]}]},{"@type":"BreadcrumbList","@id":"https:\/\/agnieszkakudela.pl\/en\/hello\/#breadcrumb","itemListElement":[{"@type":"ListItem","position":1,"name":"Strona g\u0142\u00f3wna","item":"https:\/\/agnieszkakudela.pl\/en\/"},{"@type":"ListItem","position":2,"name":"Hello"}]},{"@type":"WebSite","@id":"https:\/\/agnieszkakudela.pl\/en\/#website","url":"https:\/\/agnieszkakudela.pl\/en\/","name":"AgnieszkaKudela.pl","description":"Blog parentingowy i modowy, prowadzony przez Wedding Plannerk\u0119, Mam\u0119 2,5 letniego Miko\u0142aja, oczekuj\u0105c\u0105 kolejnego Maluszka.","potentialAction":[{"@type":"SearchAction","target":{"@type":"EntryPoint","urlTemplate":"https:\/\/agnieszkakudela.pl\/en\/?s={search_term_string}"},"query-input":{"@type":"PropertyValueSpecification","valueRequired":true,"valueName":"search_term_string"}}],"inLanguage":"en-US"}]}},"_links":{"self":[{"href":"https:\/\/agnieszkakudela.pl\/en\/wp-json\/wp\/v2\/pages\/61833","targetHints":{"allow":["GET"]}}],"collection":[{"href":"https:\/\/agnieszkakudela.pl\/en\/wp-json\/wp\/v2\/pages"}],"about":[{"href":"https:\/\/agnieszkakudela.pl\/en\/wp-json\/wp\/v2\/types\/page"}],"author":[{"embeddable":true,"href":"https:\/\/agnieszkakudela.pl\/en\/wp-json\/wp\/v2\/users\/6"}],"replies":[{"embeddable":true,"href":"https:\/\/agnieszkakudela.pl\/en\/wp-json\/wp\/v2\/comments?post=61833"}],"version-history":[{"count":0,"href":"https:\/\/agnieszkakudela.pl\/en\/wp-json\/wp\/v2\/pages\/61833\/revisions"}],"wp:attachment":[{"href":"https:\/\/agnieszkakudela.pl\/en\/wp-json\/wp\/v2\/media?parent=61833"}],"curies":[{"name":"wp","href":"https:\/\/api.w.org\/{rel}","templated":true}]}}