{"id":61854,"date":"2016-01-04T10:32:18","date_gmt":"2016-01-04T09:32:18","guid":{"rendered":"https:\/\/dev.agnieszkakudela.pl\/lifestyle-blog-interiors-fashion-beauty-parenting-career-agnieszkakudela-pl\/"},"modified":"2023-12-04T12:08:27","modified_gmt":"2023-12-04T11:08:27","slug":"lifestyle-blog-interiors-fashion-beauty-parenting-career-agnieszkakudela-pl","status":"publish","type":"page","link":"https:\/\/agnieszkakudela.pl\/en\/lifestyle-blog-interiors-fashion-beauty-parenting-career-agnieszkakudela-pl\/","title":{"rendered":"Lifestyle blog, Interiors, Fashion, Beauty, Parenting, Career &#8211; AgnieszkaKudela.pl"},"content":{"rendered":"<div class=\"wpb-content-wrapper\"><p>[vc_row content_width=&#8221;grid&#8221;][vc_column][vc_empty_space height=&#8221;60px&#8221;][vc_column_text]<\/p>\n<h1 style=\"text-align: center;\">Agnieszka Kudela&#8217;s lifestyle blog<\/h1>\n<p>[\/vc_column_text][vc_empty_space height=&#8221;60px&#8221;][vc_row_inner css=&#8221;.vc_custom_1615371379428{background-color: #e3d6d0 !important;}&#8221;][vc_column_inner width=&#8221;1\/2&#8243; css=&#8221;.vc_custom_1615371539468{padding-top: 0px !important;padding-right: 0px !important;padding-bottom: 0px !important;padding-left: 0px !important;}&#8221;][vc_single_image image=&#8221;61775&#8243; img_size=&#8221;full&#8221;][\/vc_column_inner][vc_column_inner width=&#8221;1\/2&#8243; css=&#8221;.vc_custom_1615371646501{padding-top: 35px !important;padding-right: 35px !important;padding-bottom: 35px !important;padding-left: 35px !important;}&#8221;][vc_column_text el_class=&#8221;tekst-glowna&#8221;]<\/p>\n<div class=\"wpb_text_column wpb_content_element tekst-glowna\">\n<div class=\"wpb_wrapper\">\n<p>Hi, my name is Agnieszka &#8211; I am a Wedding Planner, 14 years ago I started my own company, and in the meantime I became a Wife and Mom.<\/p>\n<p>&nbsp;<\/p>\n<p class=\"gt-block\">You just visited my blog where I share proven ways to organize a home, family and small business to help Women run\u00a0<strong>living on your own terms.<\/strong><\/p>\n<p>&nbsp;<\/p>\n<p class=\"gt-block\">I share tips based on the small steps method, I introduce\u00a0<strong>positive thinking and meditation,<\/strong>\u00a0in order to achieve\u00a0<strong>inner happiness.<\/strong><\/p>\n<p>&nbsp;<\/p>\n<p>So make yourself a cup of coffee and sit back. Invite!<\/p>\n<\/div>\n<\/div>\n<p>[\/vc_column_text][vc_single_image image=&#8221;60845&#8243; img_size=&#8221;full&#8221; alignment=&#8221;right&#8221; css=&#8221;.vc_custom_1616496173920{padding-top: 10px !important;padding-right: 10px !important;}&#8221; el_class=&#8221;img-glowna&#8221;][\/vc_column_inner][\/vc_row_inner][\/vc_column][\/vc_row]<\/p>\n<\/div>","protected":false},"excerpt":{"rendered":"<p>[vc_row content_width=&#8221;grid&#8221;][vc_column][vc_empty_space height=&#8221;60px&#8221;][vc_column_text] Agnieszka Kudela&#8217;s lifestyle blog [\/vc_column_text][vc_empty_space height=&#8221;60px&#8221;][vc_row_inner css=&#8221;.vc_custom_1615371379428{background-color: #e3d6d0 !important;}&#8221;][vc_column_inner width=&#8221;1\/2&#8243; css=&#8221;.vc_custom_1615371539468{padding-top: 0px !important;padding-right: 0px !important;padding-bottom: 0px !important;padding-left: 0px !important;}&#8221;][vc_single_image image=&#8221;61775&#8243; img_size=&#8221;full&#8221;][\/vc_column_inner][vc_column_inner width=&#8221;1\/2&#8243; css=&#8221;.vc_custom_1615371646501{padding-top: 35px !important;padding-right: 35px !important;padding-bottom: 35px !important;padding-left: 35px !important;}&#8221;][vc_column_text el_class=&#8221;tekst-glowna&#8221;] Hi, my name is Agnieszka &#8211; I am a Wedding&#8230;<\/p>\n","protected":false},"author":1,"featured_media":0,"parent":0,"menu_order":0,"comment_status":"closed","ping_status":"closed","template":"blog-standard.php","meta":{"footnotes":""},"class_list":["post-61854","page","type-page","status-publish","hentry"],"yoast_head":"<!-- This site is optimized with the Yoast SEO plugin v26.5 - https:\/\/yoast.com\/wordpress\/plugins\/seo\/ -->\n<title>Lifestyle blog, Interiors, Fashion, Beauty, Parenting, Career - AgnieszkaKudela.pl - AgnieszkaKudela.pl<\/title>\n<meta name=\"description\" content=\"Parenting and fashion blog, run by Wedding Planner, Mother of 6 summer Miko\u0142aj and 3 summer Maks. In love with her family and interiors.\" \/>\n<meta name=\"robots\" content=\"index, follow, max-snippet:-1, max-image-preview:large, max-video-preview:-1\" \/>\n<meta property=\"og:locale\" content=\"en_US\" \/>\n<meta property=\"og:type\" content=\"article\" \/>\n<meta property=\"og:title\" content=\"Lifestyle blog, Interiors, Fashion, Beauty, Parenting, Career - AgnieszkaKudela.pl - AgnieszkaKudela.pl\" \/>\n<meta property=\"og:description\" content=\"Parenting and fashion blog, run by Wedding Planner, Mother of 6 summer Miko\u0142aj and 3 summer Maks. In love with her family and interiors.\" \/>\n<meta property=\"og:url\" content=\"https:\/\/agnieszkakudela.pl\/en\/lifestyle-blog-interiors-fashion-beauty-parenting-career-agnieszkakudela-pl\/\" \/>\n<meta property=\"og:site_name\" content=\"AgnieszkaKudela.pl\" \/>\n<meta property=\"article:modified_time\" content=\"2023-12-04T11:08:27+00:00\" \/>\n<meta property=\"og:image\" content=\"https:\/\/agnieszkakudela.pl\/wp-content\/uploads\/2020\/11\/Agnieszka-Kudela-logo.png\" \/>\n\t<meta property=\"og:image:width\" content=\"844\" \/>\n\t<meta property=\"og:image:height\" content=\"100\" \/>\n\t<meta property=\"og:image:type\" content=\"image\/png\" \/>\n<meta name=\"twitter:card\" content=\"summary_large_image\" \/>\n<meta name=\"twitter:label1\" content=\"Est. reading time\" \/>\n\t<meta name=\"twitter:data1\" content=\"1 minute\" \/>\n<script type=\"application\/ld+json\" class=\"yoast-schema-graph\">{\"@context\":\"https:\/\/schema.org\",\"@graph\":[{\"@type\":\"WebPage\",\"@id\":\"https:\/\/agnieszkakudela.pl\/en\/lifestyle-blog-interiors-fashion-beauty-parenting-career-agnieszkakudela-pl\/\",\"url\":\"https:\/\/agnieszkakudela.pl\/en\/lifestyle-blog-interiors-fashion-beauty-parenting-career-agnieszkakudela-pl\/\",\"name\":\"Lifestyle blog, Interiors, Fashion, Beauty, Parenting, Career - AgnieszkaKudela.pl - AgnieszkaKudela.pl\",\"isPartOf\":{\"@id\":\"https:\/\/agnieszkakudela.pl\/en\/#website\"},\"datePublished\":\"2016-01-04T09:32:18+00:00\",\"dateModified\":\"2023-12-04T11:08:27+00:00\",\"description\":\"Parenting and fashion blog, run by Wedding Planner, Mother of 6 summer Miko\u0142aj and 3 summer Maks. In love with her family and interiors.\",\"breadcrumb\":{\"@id\":\"https:\/\/agnieszkakudela.pl\/en\/lifestyle-blog-interiors-fashion-beauty-parenting-career-agnieszkakudela-pl\/#breadcrumb\"},\"inLanguage\":\"en-US\",\"potentialAction\":[{\"@type\":\"ReadAction\",\"target\":[\"https:\/\/agnieszkakudela.pl\/en\/lifestyle-blog-interiors-fashion-beauty-parenting-career-agnieszkakudela-pl\/\"]}]},{\"@type\":\"BreadcrumbList\",\"@id\":\"https:\/\/agnieszkakudela.pl\/en\/lifestyle-blog-interiors-fashion-beauty-parenting-career-agnieszkakudela-pl\/#breadcrumb\",\"itemListElement\":[{\"@type\":\"ListItem\",\"position\":1,\"name\":\"Strona g\u0142\u00f3wna\",\"item\":\"https:\/\/agnieszkakudela.pl\/en\/\"},{\"@type\":\"ListItem\",\"position\":2,\"name\":\"Lifestyle blog, Interiors, Fashion, Beauty, Parenting, Career &#8211; AgnieszkaKudela.pl\"}]},{\"@type\":\"WebSite\",\"@id\":\"https:\/\/agnieszkakudela.pl\/en\/#website\",\"url\":\"https:\/\/agnieszkakudela.pl\/en\/\",\"name\":\"AgnieszkaKudela.pl\",\"description\":\"Blog parentingowy i modowy, prowadzony przez Wedding Plannerk\u0119, Mam\u0119 2,5 letniego Miko\u0142aja, oczekuj\u0105c\u0105 kolejnego Maluszka.\",\"potentialAction\":[{\"@type\":\"SearchAction\",\"target\":{\"@type\":\"EntryPoint\",\"urlTemplate\":\"https:\/\/agnieszkakudela.pl\/en\/?s={search_term_string}\"},\"query-input\":{\"@type\":\"PropertyValueSpecification\",\"valueRequired\":true,\"valueName\":\"search_term_string\"}}],\"inLanguage\":\"en-US\"}]}<\/script>\n<!-- \/ Yoast SEO plugin. -->","yoast_head_json":{"title":"Lifestyle blog, Interiors, Fashion, Beauty, Parenting, Career - AgnieszkaKudela.pl - AgnieszkaKudela.pl","description":"Parenting and fashion blog, run by Wedding Planner, Mother of 6 summer Miko\u0142aj and 3 summer Maks. In love with her family and interiors.","robots":{"index":"index","follow":"follow","max-snippet":"max-snippet:-1","max-image-preview":"max-image-preview:large","max-video-preview":"max-video-preview:-1"},"og_locale":"en_US","og_type":"article","og_title":"Lifestyle blog, Interiors, Fashion, Beauty, Parenting, Career - AgnieszkaKudela.pl - AgnieszkaKudela.pl","og_description":"Parenting and fashion blog, run by Wedding Planner, Mother of 6 summer Miko\u0142aj and 3 summer Maks. In love with her family and interiors.","og_url":"https:\/\/agnieszkakudela.pl\/en\/lifestyle-blog-interiors-fashion-beauty-parenting-career-agnieszkakudela-pl\/","og_site_name":"AgnieszkaKudela.pl","article_modified_time":"2023-12-04T11:08:27+00:00","og_image":[{"width":844,"height":100,"url":"https:\/\/agnieszkakudela.pl\/wp-content\/uploads\/2020\/11\/Agnieszka-Kudela-logo.png","type":"image\/png"}],"twitter_card":"summary_large_image","twitter_misc":{"Est. reading time":"1 minute"},"schema":{"@context":"https:\/\/schema.org","@graph":[{"@type":"WebPage","@id":"https:\/\/agnieszkakudela.pl\/en\/lifestyle-blog-interiors-fashion-beauty-parenting-career-agnieszkakudela-pl\/","url":"https:\/\/agnieszkakudela.pl\/en\/lifestyle-blog-interiors-fashion-beauty-parenting-career-agnieszkakudela-pl\/","name":"Lifestyle blog, Interiors, Fashion, Beauty, Parenting, Career - AgnieszkaKudela.pl - AgnieszkaKudela.pl","isPartOf":{"@id":"https:\/\/agnieszkakudela.pl\/en\/#website"},"datePublished":"2016-01-04T09:32:18+00:00","dateModified":"2023-12-04T11:08:27+00:00","description":"Parenting and fashion blog, run by Wedding Planner, Mother of 6 summer Miko\u0142aj and 3 summer Maks. In love with her family and interiors.","breadcrumb":{"@id":"https:\/\/agnieszkakudela.pl\/en\/lifestyle-blog-interiors-fashion-beauty-parenting-career-agnieszkakudela-pl\/#breadcrumb"},"inLanguage":"en-US","potentialAction":[{"@type":"ReadAction","target":["https:\/\/agnieszkakudela.pl\/en\/lifestyle-blog-interiors-fashion-beauty-parenting-career-agnieszkakudela-pl\/"]}]},{"@type":"BreadcrumbList","@id":"https:\/\/agnieszkakudela.pl\/en\/lifestyle-blog-interiors-fashion-beauty-parenting-career-agnieszkakudela-pl\/#breadcrumb","itemListElement":[{"@type":"ListItem","position":1,"name":"Strona g\u0142\u00f3wna","item":"https:\/\/agnieszkakudela.pl\/en\/"},{"@type":"ListItem","position":2,"name":"Lifestyle blog, Interiors, Fashion, Beauty, Parenting, Career &#8211; AgnieszkaKudela.pl"}]},{"@type":"WebSite","@id":"https:\/\/agnieszkakudela.pl\/en\/#website","url":"https:\/\/agnieszkakudela.pl\/en\/","name":"AgnieszkaKudela.pl","description":"Blog parentingowy i modowy, prowadzony przez Wedding Plannerk\u0119, Mam\u0119 2,5 letniego Miko\u0142aja, oczekuj\u0105c\u0105 kolejnego Maluszka.","potentialAction":[{"@type":"SearchAction","target":{"@type":"EntryPoint","urlTemplate":"https:\/\/agnieszkakudela.pl\/en\/?s={search_term_string}"},"query-input":{"@type":"PropertyValueSpecification","valueRequired":true,"valueName":"search_term_string"}}],"inLanguage":"en-US"}]}},"_links":{"self":[{"href":"https:\/\/agnieszkakudela.pl\/en\/wp-json\/wp\/v2\/pages\/61854","targetHints":{"allow":["GET"]}}],"collection":[{"href":"https:\/\/agnieszkakudela.pl\/en\/wp-json\/wp\/v2\/pages"}],"about":[{"href":"https:\/\/agnieszkakudela.pl\/en\/wp-json\/wp\/v2\/types\/page"}],"author":[{"embeddable":true,"href":"https:\/\/agnieszkakudela.pl\/en\/wp-json\/wp\/v2\/users\/1"}],"replies":[{"embeddable":true,"href":"https:\/\/agnieszkakudela.pl\/en\/wp-json\/wp\/v2\/comments?post=61854"}],"version-history":[{"count":0,"href":"https:\/\/agnieszkakudela.pl\/en\/wp-json\/wp\/v2\/pages\/61854\/revisions"}],"wp:attachment":[{"href":"https:\/\/agnieszkakudela.pl\/en\/wp-json\/wp\/v2\/media?parent=61854"}],"curies":[{"name":"wp","href":"https:\/\/api.w.org\/{rel}","templated":true}]}}