{"id":61867,"date":"2020-03-23T15:53:01","date_gmt":"2020-03-23T14:53:01","guid":{"rendered":"https:\/\/dev.agnieszkakudela.pl\/moj-spokoj-moja-sila-karty-pracy\/"},"modified":"2023-11-29T13:43:59","modified_gmt":"2023-11-29T12:43:59","slug":"moj-spokoj-moja-sila-karty-pracy","status":"publish","type":"page","link":"https:\/\/agnieszkakudela.pl\/en\/moj-spokoj-moja-sila-karty-pracy\/","title":{"rendered":"My Peace &#8211; My Strength | Work cards"},"content":{"rendered":"<p>I&#8217;m glad you are\u00a0<img decoding=\"async\" class=\"emoji\" role=\"img\" draggable=\"false\" src=\"https:\/\/s.w.org\/images\/core\/emoji\/14.0.0\/svg\/1f642.svg\" alt=\"\" \/><\/p>\n<p>&nbsp;<\/p>\n<ol>\n<li><strong><a href=\"https:\/\/agnieszkakudela.pl\/wp-content\/uploads\/2020\/03\/Wyzwanie-Nie-Czekam-Dzialam-Moj-Spokoj-Moja-Sila-Uzupelniona.pdf\">Morning and Evening Routine Tracker &#8211; Completed<\/a><\/strong><\/li>\n<\/ol>\n<p>This is my personal morning and evening routine tracker that I will work with on the challenge.<\/p>\n<p>Today I will tell you about why I chose such and not other tasks on the live list at 21:00 &#8211; live will take place simultaneously on Instagram and Facebook.<\/p>\n<p>&nbsp;<\/p>\n<ol start=\"2\">\n<li><strong><a href=\"https:\/\/agnieszkakudela.pl\/wp-content\/uploads\/2020\/03\/Wyzwanie-Nie-Czekam-Dzialam-Moj-Spokoj-Moja-Sila.pdf\">Your Tracker for Morning and Evening Routines<\/a><\/strong><\/li>\n<\/ol>\n<p>Of course, my tracker is only an inspiration &#8211; I encourage you to create your personal routine and remember &#8211; not all at once &#8211; we will implement habits using the method of small, least noticeable steps.<\/p>\n<p>&nbsp;<\/p>\n<ol start=\"3\">\n<li><strong><a href=\"https:\/\/agnieszkakudela.pl\/wp-content\/uploads\/2020\/03\/Wyzwanie-Nie-Czekam-Dzialam-Moj-Spokoj-Moja-Sila-Wdziecznosc.pdf\">Gratitude Diary<\/a><\/strong><\/li>\n<\/ol>\n<p>Due to the fact that you do not need to have my Good Day Planner, an integral part of which is a daily gratitude diary, I have prepared a Diary for you that you can print out and start practicing. I encourage you to do so &#8211; to direct your attention to what we can be grateful for, instead of the problems that affect us today more than ever. This simple three-minute tool will allow you to be more optimistic about each day ahead! It will allow you to appreciate the life you have just much more &#8211; today, here and now, not in a month, in a year, when you renovate or buy a car. Practicing gratitude will let you see that your life is a miracle today and every single day.<\/p>\n<p>&nbsp;<\/p>\n<ol start=\"4\">\n<li><strong><a href=\"https:\/\/www.dropbox.com\/s\/x23mx3d9x4sof0a\/NieCzekam-Dzialam-Tracker-zdrowych-nawykow.pdf?dl=0\">Healthy habits tracker<\/a><\/strong><\/li>\n<\/ol>\n<p>If you want to fight for yourself, for your health, for your diet, for your weight, for your appearance &#8211; this tracker is for you. If you want to stay on the right track and raise the bar a bit &#8211; too. On the # NieCekekamDzia\u0142am group you will find a video about how I use it.<\/p>\n<p>&nbsp;<\/p>\n<h3>Share the challenge with others!<\/h3>\n<p>All you have to do is click on the selected graphic, save it on your phone and upload it to your Instastors and tag me\u00a0<img decoding=\"async\" class=\"emoji\" role=\"img\" draggable=\"false\" src=\"https:\/\/s.w.org\/images\/core\/emoji\/14.0.0\/svg\/1f642.svg\" alt=\"\" \/><\/p>\n<p>&nbsp;<\/p>\n<h3><a title=\"My Peace - My Strength | Work cards\" href=\"https:\/\/agnieszkakudela.pl\/wp-content\/uploads\/2020\/03\/Biore-udzial-w-wyzwaniu-2.jpg\" rel=\"gallery-image-content\" title=\"My Peace - My Strength | Work cards\" rel=\"gallery-image-content\"><img loading=\"lazy\" decoding=\"async\" class=\"alignnone wp-image-46717 size-large\" src=\"https:\/\/agnieszkakudela.pl\/wp-content\/uploads\/2020\/03\/Biore-udzial-w-wyzwaniu-2-576x1024.jpg\" sizes=\"auto, (max-width: 576px) 100vw, 576px\" srcset=\"https:\/\/agnieszkakudela.pl\/wp-content\/uploads\/2020\/03\/Biore-udzial-w-wyzwaniu-2-576x1024.jpg 576w, https:\/\/agnieszkakudela.pl\/wp-content\/uploads\/2020\/03\/Biore-udzial-w-wyzwaniu-2-600x1067.jpg 600w, https:\/\/agnieszkakudela.pl\/wp-content\/uploads\/2020\/03\/Biore-udzial-w-wyzwaniu-2-169x300.jpg 169w, https:\/\/agnieszkakudela.pl\/wp-content\/uploads\/2020\/03\/Biore-udzial-w-wyzwaniu-2-768x1365.jpg 768w, https:\/\/agnieszkakudela.pl\/wp-content\/uploads\/2020\/03\/Biore-udzial-w-wyzwaniu-2.jpg 1080w\" alt=\"\" width=\"576\" height=\"1024\" \/><\/a>\u00a0<a title=\"My Peace - My Strength | Work cards\" href=\"https:\/\/agnieszkakudela.pl\/wp-content\/uploads\/2020\/03\/Biore-udzial-w-wyzwaniu-1.jpg\" rel=\"gallery-image-content\" title=\"My Peace - My Strength | Work cards\" rel=\"gallery-image-content\"><img loading=\"lazy\" decoding=\"async\" class=\"alignnone wp-image-46716 size-large\" src=\"https:\/\/agnieszkakudela.pl\/wp-content\/uploads\/2020\/03\/Biore-udzial-w-wyzwaniu-1-576x1024.jpg\" sizes=\"auto, (max-width: 576px) 100vw, 576px\" srcset=\"https:\/\/agnieszkakudela.pl\/wp-content\/uploads\/2020\/03\/Biore-udzial-w-wyzwaniu-1-576x1024.jpg 576w, https:\/\/agnieszkakudela.pl\/wp-content\/uploads\/2020\/03\/Biore-udzial-w-wyzwaniu-1-600x1067.jpg 600w, https:\/\/agnieszkakudela.pl\/wp-content\/uploads\/2020\/03\/Biore-udzial-w-wyzwaniu-1-169x300.jpg 169w, https:\/\/agnieszkakudela.pl\/wp-content\/uploads\/2020\/03\/Biore-udzial-w-wyzwaniu-1-768x1365.jpg 768w, https:\/\/agnieszkakudela.pl\/wp-content\/uploads\/2020\/03\/Biore-udzial-w-wyzwaniu-1.jpg 1080w\" alt=\"\" width=\"576\" height=\"1024\" \/><\/a><\/h3>\n<p>&nbsp;<\/p>\n","protected":false},"excerpt":{"rendered":"<p>I&#8217;m glad you are\u00a0 &nbsp; Morning and Evening Routine Tracker &#8211; Completed This is my personal morning and evening routine tracker that I will work with on the challenge. Today I will tell you about why I chose such and not other tasks on the&#8230;<\/p>\n","protected":false},"author":1,"featured_media":0,"parent":0,"menu_order":0,"comment_status":"closed","ping_status":"closed","template":"","meta":{"footnotes":""},"class_list":["post-61867","page","type-page","status-publish","hentry"],"yoast_head":"<!-- This site is optimized with the Yoast SEO plugin v26.5 - https:\/\/yoast.com\/wordpress\/plugins\/seo\/ -->\n<title>My Peace - My Strength | Work cards - AgnieszkaKudela.pl<\/title>\n<meta name=\"robots\" content=\"index, follow, max-snippet:-1, max-image-preview:large, max-video-preview:-1\" \/>\n<meta property=\"og:locale\" content=\"en_US\" \/>\n<meta property=\"og:type\" content=\"article\" \/>\n<meta property=\"og:title\" content=\"My Peace - My Strength | Work cards - AgnieszkaKudela.pl\" \/>\n<meta property=\"og:description\" content=\"I&#8217;m glad you are\u00a0 &nbsp; Morning and Evening Routine Tracker &#8211; Completed This is my personal morning and evening routine tracker that I will work with on the challenge. Today I will tell you about why I chose such and not other tasks on the...\" \/>\n<meta property=\"og:url\" content=\"https:\/\/agnieszkakudela.pl\/en\/moj-spokoj-moja-sila-karty-pracy\/\" \/>\n<meta property=\"og:site_name\" content=\"AgnieszkaKudela.pl\" \/>\n<meta property=\"article:modified_time\" content=\"2023-11-29T12:43:59+00:00\" \/>\n<meta property=\"og:image\" content=\"https:\/\/s.w.org\/images\/core\/emoji\/14.0.0\/svg\/1f642.svg\" \/>\n<meta name=\"twitter:card\" content=\"summary_large_image\" \/>\n<meta name=\"twitter:label1\" content=\"Est. reading time\" \/>\n\t<meta name=\"twitter:data1\" content=\"2 minutes\" \/>\n<script type=\"application\/ld+json\" class=\"yoast-schema-graph\">{\"@context\":\"https:\/\/schema.org\",\"@graph\":[{\"@type\":\"WebPage\",\"@id\":\"https:\/\/agnieszkakudela.pl\/en\/moj-spokoj-moja-sila-karty-pracy\/\",\"url\":\"https:\/\/agnieszkakudela.pl\/en\/moj-spokoj-moja-sila-karty-pracy\/\",\"name\":\"My Peace - My Strength | Work cards - AgnieszkaKudela.pl\",\"isPartOf\":{\"@id\":\"https:\/\/agnieszkakudela.pl\/en\/#website\"},\"primaryImageOfPage\":{\"@id\":\"https:\/\/agnieszkakudela.pl\/en\/moj-spokoj-moja-sila-karty-pracy\/#primaryimage\"},\"image\":{\"@id\":\"https:\/\/agnieszkakudela.pl\/en\/moj-spokoj-moja-sila-karty-pracy\/#primaryimage\"},\"thumbnailUrl\":\"https:\/\/s.w.org\/images\/core\/emoji\/14.0.0\/svg\/1f642.svg\",\"datePublished\":\"2020-03-23T14:53:01+00:00\",\"dateModified\":\"2023-11-29T12:43:59+00:00\",\"breadcrumb\":{\"@id\":\"https:\/\/agnieszkakudela.pl\/en\/moj-spokoj-moja-sila-karty-pracy\/#breadcrumb\"},\"inLanguage\":\"en-US\",\"potentialAction\":[{\"@type\":\"ReadAction\",\"target\":[\"https:\/\/agnieszkakudela.pl\/en\/moj-spokoj-moja-sila-karty-pracy\/\"]}]},{\"@type\":\"ImageObject\",\"inLanguage\":\"en-US\",\"@id\":\"https:\/\/agnieszkakudela.pl\/en\/moj-spokoj-moja-sila-karty-pracy\/#primaryimage\",\"url\":\"https:\/\/s.w.org\/images\/core\/emoji\/14.0.0\/svg\/1f642.svg\",\"contentUrl\":\"https:\/\/s.w.org\/images\/core\/emoji\/14.0.0\/svg\/1f642.svg\"},{\"@type\":\"BreadcrumbList\",\"@id\":\"https:\/\/agnieszkakudela.pl\/en\/moj-spokoj-moja-sila-karty-pracy\/#breadcrumb\",\"itemListElement\":[{\"@type\":\"ListItem\",\"position\":1,\"name\":\"Strona g\u0142\u00f3wna\",\"item\":\"https:\/\/agnieszkakudela.pl\/en\/\"},{\"@type\":\"ListItem\",\"position\":2,\"name\":\"My Peace &#8211; My Strength | Work cards\"}]},{\"@type\":\"WebSite\",\"@id\":\"https:\/\/agnieszkakudela.pl\/en\/#website\",\"url\":\"https:\/\/agnieszkakudela.pl\/en\/\",\"name\":\"AgnieszkaKudela.pl\",\"description\":\"Blog parentingowy i modowy, prowadzony przez Wedding Plannerk\u0119, Mam\u0119 2,5 letniego Miko\u0142aja, oczekuj\u0105c\u0105 kolejnego Maluszka.\",\"potentialAction\":[{\"@type\":\"SearchAction\",\"target\":{\"@type\":\"EntryPoint\",\"urlTemplate\":\"https:\/\/agnieszkakudela.pl\/en\/?s={search_term_string}\"},\"query-input\":{\"@type\":\"PropertyValueSpecification\",\"valueRequired\":true,\"valueName\":\"search_term_string\"}}],\"inLanguage\":\"en-US\"}]}<\/script>\n<!-- \/ Yoast SEO plugin. -->","yoast_head_json":{"title":"My Peace - My Strength | Work cards - AgnieszkaKudela.pl","robots":{"index":"index","follow":"follow","max-snippet":"max-snippet:-1","max-image-preview":"max-image-preview:large","max-video-preview":"max-video-preview:-1"},"og_locale":"en_US","og_type":"article","og_title":"My Peace - My Strength | Work cards - AgnieszkaKudela.pl","og_description":"I&#8217;m glad you are\u00a0 &nbsp; Morning and Evening Routine Tracker &#8211; Completed This is my personal morning and evening routine tracker that I will work with on the challenge. Today I will tell you about why I chose such and not other tasks on the...","og_url":"https:\/\/agnieszkakudela.pl\/en\/moj-spokoj-moja-sila-karty-pracy\/","og_site_name":"AgnieszkaKudela.pl","article_modified_time":"2023-11-29T12:43:59+00:00","og_image":[{"url":"https:\/\/s.w.org\/images\/core\/emoji\/14.0.0\/svg\/1f642.svg","type":"","width":"","height":""}],"twitter_card":"summary_large_image","twitter_misc":{"Est. reading time":"2 minutes"},"schema":{"@context":"https:\/\/schema.org","@graph":[{"@type":"WebPage","@id":"https:\/\/agnieszkakudela.pl\/en\/moj-spokoj-moja-sila-karty-pracy\/","url":"https:\/\/agnieszkakudela.pl\/en\/moj-spokoj-moja-sila-karty-pracy\/","name":"My Peace - My Strength | Work cards - AgnieszkaKudela.pl","isPartOf":{"@id":"https:\/\/agnieszkakudela.pl\/en\/#website"},"primaryImageOfPage":{"@id":"https:\/\/agnieszkakudela.pl\/en\/moj-spokoj-moja-sila-karty-pracy\/#primaryimage"},"image":{"@id":"https:\/\/agnieszkakudela.pl\/en\/moj-spokoj-moja-sila-karty-pracy\/#primaryimage"},"thumbnailUrl":"https:\/\/s.w.org\/images\/core\/emoji\/14.0.0\/svg\/1f642.svg","datePublished":"2020-03-23T14:53:01+00:00","dateModified":"2023-11-29T12:43:59+00:00","breadcrumb":{"@id":"https:\/\/agnieszkakudela.pl\/en\/moj-spokoj-moja-sila-karty-pracy\/#breadcrumb"},"inLanguage":"en-US","potentialAction":[{"@type":"ReadAction","target":["https:\/\/agnieszkakudela.pl\/en\/moj-spokoj-moja-sila-karty-pracy\/"]}]},{"@type":"ImageObject","inLanguage":"en-US","@id":"https:\/\/agnieszkakudela.pl\/en\/moj-spokoj-moja-sila-karty-pracy\/#primaryimage","url":"https:\/\/s.w.org\/images\/core\/emoji\/14.0.0\/svg\/1f642.svg","contentUrl":"https:\/\/s.w.org\/images\/core\/emoji\/14.0.0\/svg\/1f642.svg"},{"@type":"BreadcrumbList","@id":"https:\/\/agnieszkakudela.pl\/en\/moj-spokoj-moja-sila-karty-pracy\/#breadcrumb","itemListElement":[{"@type":"ListItem","position":1,"name":"Strona g\u0142\u00f3wna","item":"https:\/\/agnieszkakudela.pl\/en\/"},{"@type":"ListItem","position":2,"name":"My Peace &#8211; My Strength | Work cards"}]},{"@type":"WebSite","@id":"https:\/\/agnieszkakudela.pl\/en\/#website","url":"https:\/\/agnieszkakudela.pl\/en\/","name":"AgnieszkaKudela.pl","description":"Blog parentingowy i modowy, prowadzony przez Wedding Plannerk\u0119, Mam\u0119 2,5 letniego Miko\u0142aja, oczekuj\u0105c\u0105 kolejnego Maluszka.","potentialAction":[{"@type":"SearchAction","target":{"@type":"EntryPoint","urlTemplate":"https:\/\/agnieszkakudela.pl\/en\/?s={search_term_string}"},"query-input":{"@type":"PropertyValueSpecification","valueRequired":true,"valueName":"search_term_string"}}],"inLanguage":"en-US"}]}},"_links":{"self":[{"href":"https:\/\/agnieszkakudela.pl\/en\/wp-json\/wp\/v2\/pages\/61867","targetHints":{"allow":["GET"]}}],"collection":[{"href":"https:\/\/agnieszkakudela.pl\/en\/wp-json\/wp\/v2\/pages"}],"about":[{"href":"https:\/\/agnieszkakudela.pl\/en\/wp-json\/wp\/v2\/types\/page"}],"author":[{"embeddable":true,"href":"https:\/\/agnieszkakudela.pl\/en\/wp-json\/wp\/v2\/users\/1"}],"replies":[{"embeddable":true,"href":"https:\/\/agnieszkakudela.pl\/en\/wp-json\/wp\/v2\/comments?post=61867"}],"version-history":[{"count":0,"href":"https:\/\/agnieszkakudela.pl\/en\/wp-json\/wp\/v2\/pages\/61867\/revisions"}],"wp:attachment":[{"href":"https:\/\/agnieszkakudela.pl\/en\/wp-json\/wp\/v2\/media?parent=61867"}],"curies":[{"name":"wp","href":"https:\/\/api.w.org\/{rel}","templated":true}]}}