{"id":61869,"date":"2015-04-27T19:35:00","date_gmt":"2015-04-27T17:35:00","guid":{"rendered":"https:\/\/dev.agnieszkakudela.pl\/about-me\/"},"modified":"2024-12-03T15:23:43","modified_gmt":"2024-12-03T14:23:43","slug":"about-me","status":"publish","type":"page","link":"https:\/\/agnieszkakudela.pl\/en\/about-me\/","title":{"rendered":"About me"},"content":{"rendered":"<div class=\"wpb_text_column wpb_content_element \">\n<div class=\"wpb_wrapper\">\n<p class=\"gt-block\"><img loading=\"lazy\" decoding=\"async\" class=\"aligncenter size-full wp-image-39517\" src=\"https:\/\/agnieszkakudela.pl\/wp-content\/uploads\/2019\/01\/Agnieszka-Kudela-kim-jest.jpg\" sizes=\"auto, (max-width: 1200px) 100vw, 1200px\" srcset=\"https:\/\/agnieszkakudela.pl\/wp-content\/uploads\/2019\/01\/Agnieszka-Kudela-kim-jest.jpg 1200w, https:\/\/agnieszkakudela.pl\/wp-content\/uploads\/2019\/01\/Agnieszka-Kudela-kim-jest-600x248.jpg 600w, https:\/\/agnieszkakudela.pl\/wp-content\/uploads\/2019\/01\/Agnieszka-Kudela-kim-jest-300x124.jpg 300w, https:\/\/agnieszkakudela.pl\/wp-content\/uploads\/2019\/01\/Agnieszka-Kudela-kim-jest-768x317.jpg 768w, https:\/\/agnieszkakudela.pl\/wp-content\/uploads\/2019\/01\/Agnieszka-Kudela-kim-jest-1024x423.jpg 1024w\" alt=\"Agnieszka Kudela who she is\" width=\"1200\" height=\"496\" \/>Hello my Name Is<b>\u00a0Agnieszka Kudela,\u00a0<\/b>every day I am\u00a0<a href=\"https:\/\/wytworniaslubow.pl\/pl\/\"><strong>Wedding Planner<\/strong><\/a><strong>\u00a0<\/strong>i<strong>\u00a0<a href=\"https:\/\/akademia.wytworniaslubow.pl\/\">trainer<\/a><\/strong>, and this is my blog where I show you how you can\u00a0<strong>to combine family and professional life<\/strong>\u00a0without remorse, also finding time for your passion, i.e.\u00a0<strong>interior design, fashion<\/strong>\u00a0and of course writing<strong>\u00a0blog<\/strong>.<\/p>\n<p>&nbsp;<\/p>\n<p class=\"gt-block\">Family life and personal development are my strongest foundations &#8211; I have been successfully running my own company for 13 years, without giving up my family life &#8211; because I realize myself primarily as<strong> Mother of 10 summer Nicholas, 6 summer Maks and 2 summer Flo.<\/strong><\/p>\n<p>&nbsp;<\/p>\n<p class=\"gt-block\">I share our family and professional life with you, and thanks to the fact that Blog is not my only occupation,\u00a0<strong>i&#8217;m closer to you<\/strong>struggling every day\u00a0<strong>with the same everyday topics<\/strong>.<\/p>\n<p>&nbsp;<\/p>\n<p class=\"gt-block\">I try to live in harmony with philosophy\u00a0<strong>work-life balance\u00a0<\/strong>&#8211; it is the result of many years of work, which means that I am finally here, where I never dreamed of being.<\/p>\n<p>&nbsp;<\/p>\n<p>I hope you enjoy my warm message and photos, so you will feel like you&#8217;re having coffee with a good friend.<\/p>\n<\/div>\n<\/div>\n<div class=\"qodef-separator-holder clearfix qodef-separator-center\"><\/div>\n<p class=\"gt-block\">I write here\u00a0<strong>motherhood<\/strong>\u00a0i\u00a0<strong>career<\/strong>,\u00a0<strong>personal development<\/strong>\u00a0i\u00a0<strong>interior design, showing my way of fashion<\/strong>.<\/p>\n<p>&nbsp;<\/p>\n<p>I will be pleased if you find something for yourself here.<\/p>\n<div>\n<p>&nbsp;<\/p>\n<p class=\"gt-block\">If you want to contact me &#8211; write to me at\u00a0<a href=\"mailto:hello@agnieszkakudela.pl\">hello@agnieszkakudela.pl<\/a>.<\/p>\n<\/div>\n","protected":false},"excerpt":{"rendered":"<p>Hello my Name Is\u00a0Agnieszka Kudela,\u00a0every day I am\u00a0Wedding Planner\u00a0i\u00a0trainer, and this is my blog where I show you how you can\u00a0to combine family and professional life\u00a0without remorse, also finding time for your passion, i.e.\u00a0interior design, fashion\u00a0and of course writing\u00a0blog. &nbsp; Family life and personal development&#8230;<\/p>\n","protected":false},"author":1,"featured_media":0,"parent":0,"menu_order":0,"comment_status":"closed","ping_status":"open","template":"","meta":{"footnotes":""},"class_list":["post-61869","page","type-page","status-publish","hentry"],"yoast_head":"<!-- This site is optimized with the Yoast SEO plugin v26.5 - https:\/\/yoast.com\/wordpress\/plugins\/seo\/ -->\n<title>About me - AgnieszkaKudela.pl<\/title>\n<meta name=\"robots\" content=\"index, follow, max-snippet:-1, max-image-preview:large, max-video-preview:-1\" \/>\n<meta property=\"og:locale\" content=\"en_US\" \/>\n<meta property=\"og:type\" content=\"article\" \/>\n<meta property=\"og:title\" content=\"About me - AgnieszkaKudela.pl\" \/>\n<meta property=\"og:description\" content=\"Hello my Name Is\u00a0Agnieszka Kudela,\u00a0every day I am\u00a0Wedding Planner\u00a0i\u00a0trainer, and this is my blog where I show you how you can\u00a0to combine family and professional life\u00a0without remorse, also finding time for your passion, i.e.\u00a0interior design, fashion\u00a0and of course writing\u00a0blog. &nbsp; Family life and personal development...\" \/>\n<meta property=\"og:url\" content=\"https:\/\/agnieszkakudela.pl\/en\/about-me\/\" \/>\n<meta property=\"og:site_name\" content=\"AgnieszkaKudela.pl\" \/>\n<meta property=\"article:modified_time\" content=\"2024-12-03T14:23:43+00:00\" \/>\n<meta property=\"og:image\" content=\"https:\/\/agnieszkakudela.pl\/wp-content\/uploads\/2019\/01\/Agnieszka-Kudela-kim-jest.jpg\" \/>\n\t<meta property=\"og:image:width\" content=\"1200\" \/>\n\t<meta property=\"og:image:height\" content=\"496\" \/>\n\t<meta property=\"og:image:type\" content=\"image\/jpeg\" \/>\n<meta name=\"twitter:card\" content=\"summary_large_image\" \/>\n<meta name=\"twitter:label1\" content=\"Est. reading time\" \/>\n\t<meta name=\"twitter:data1\" content=\"1 minute\" \/>\n<script type=\"application\/ld+json\" class=\"yoast-schema-graph\">{\"@context\":\"https:\/\/schema.org\",\"@graph\":[{\"@type\":\"WebPage\",\"@id\":\"https:\/\/agnieszkakudela.pl\/en\/about-me\/\",\"url\":\"https:\/\/agnieszkakudela.pl\/en\/about-me\/\",\"name\":\"About me - AgnieszkaKudela.pl\",\"isPartOf\":{\"@id\":\"https:\/\/agnieszkakudela.pl\/en\/#website\"},\"primaryImageOfPage\":{\"@id\":\"https:\/\/agnieszkakudela.pl\/en\/about-me\/#primaryimage\"},\"image\":{\"@id\":\"https:\/\/agnieszkakudela.pl\/en\/about-me\/#primaryimage\"},\"thumbnailUrl\":\"https:\/\/agnieszkakudela.pl\/wp-content\/uploads\/2019\/01\/Agnieszka-Kudela-kim-jest.jpg\",\"datePublished\":\"2015-04-27T17:35:00+00:00\",\"dateModified\":\"2024-12-03T14:23:43+00:00\",\"breadcrumb\":{\"@id\":\"https:\/\/agnieszkakudela.pl\/en\/about-me\/#breadcrumb\"},\"inLanguage\":\"en-US\",\"potentialAction\":[{\"@type\":\"ReadAction\",\"target\":[\"https:\/\/agnieszkakudela.pl\/en\/about-me\/\"]}]},{\"@type\":\"ImageObject\",\"inLanguage\":\"en-US\",\"@id\":\"https:\/\/agnieszkakudela.pl\/en\/about-me\/#primaryimage\",\"url\":\"https:\/\/agnieszkakudela.pl\/wp-content\/uploads\/2019\/01\/Agnieszka-Kudela-kim-jest.jpg\",\"contentUrl\":\"https:\/\/agnieszkakudela.pl\/wp-content\/uploads\/2019\/01\/Agnieszka-Kudela-kim-jest.jpg\"},{\"@type\":\"BreadcrumbList\",\"@id\":\"https:\/\/agnieszkakudela.pl\/en\/about-me\/#breadcrumb\",\"itemListElement\":[{\"@type\":\"ListItem\",\"position\":1,\"name\":\"Strona g\u0142\u00f3wna\",\"item\":\"https:\/\/agnieszkakudela.pl\/en\/\"},{\"@type\":\"ListItem\",\"position\":2,\"name\":\"About me\"}]},{\"@type\":\"WebSite\",\"@id\":\"https:\/\/agnieszkakudela.pl\/en\/#website\",\"url\":\"https:\/\/agnieszkakudela.pl\/en\/\",\"name\":\"AgnieszkaKudela.pl\",\"description\":\"Blog parentingowy i modowy, prowadzony przez Wedding Plannerk\u0119, Mam\u0119 2,5 letniego Miko\u0142aja, oczekuj\u0105c\u0105 kolejnego Maluszka.\",\"potentialAction\":[{\"@type\":\"SearchAction\",\"target\":{\"@type\":\"EntryPoint\",\"urlTemplate\":\"https:\/\/agnieszkakudela.pl\/en\/?s={search_term_string}\"},\"query-input\":{\"@type\":\"PropertyValueSpecification\",\"valueRequired\":true,\"valueName\":\"search_term_string\"}}],\"inLanguage\":\"en-US\"}]}<\/script>\n<!-- \/ Yoast SEO plugin. -->","yoast_head_json":{"title":"About me - AgnieszkaKudela.pl","robots":{"index":"index","follow":"follow","max-snippet":"max-snippet:-1","max-image-preview":"max-image-preview:large","max-video-preview":"max-video-preview:-1"},"og_locale":"en_US","og_type":"article","og_title":"About me - AgnieszkaKudela.pl","og_description":"Hello my Name Is\u00a0Agnieszka Kudela,\u00a0every day I am\u00a0Wedding Planner\u00a0i\u00a0trainer, and this is my blog where I show you how you can\u00a0to combine family and professional life\u00a0without remorse, also finding time for your passion, i.e.\u00a0interior design, fashion\u00a0and of course writing\u00a0blog. &nbsp; Family life and personal development...","og_url":"https:\/\/agnieszkakudela.pl\/en\/about-me\/","og_site_name":"AgnieszkaKudela.pl","article_modified_time":"2024-12-03T14:23:43+00:00","og_image":[{"width":1200,"height":496,"url":"https:\/\/agnieszkakudela.pl\/wp-content\/uploads\/2019\/01\/Agnieszka-Kudela-kim-jest.jpg","type":"image\/jpeg"}],"twitter_card":"summary_large_image","twitter_misc":{"Est. reading time":"1 minute"},"schema":{"@context":"https:\/\/schema.org","@graph":[{"@type":"WebPage","@id":"https:\/\/agnieszkakudela.pl\/en\/about-me\/","url":"https:\/\/agnieszkakudela.pl\/en\/about-me\/","name":"About me - AgnieszkaKudela.pl","isPartOf":{"@id":"https:\/\/agnieszkakudela.pl\/en\/#website"},"primaryImageOfPage":{"@id":"https:\/\/agnieszkakudela.pl\/en\/about-me\/#primaryimage"},"image":{"@id":"https:\/\/agnieszkakudela.pl\/en\/about-me\/#primaryimage"},"thumbnailUrl":"https:\/\/agnieszkakudela.pl\/wp-content\/uploads\/2019\/01\/Agnieszka-Kudela-kim-jest.jpg","datePublished":"2015-04-27T17:35:00+00:00","dateModified":"2024-12-03T14:23:43+00:00","breadcrumb":{"@id":"https:\/\/agnieszkakudela.pl\/en\/about-me\/#breadcrumb"},"inLanguage":"en-US","potentialAction":[{"@type":"ReadAction","target":["https:\/\/agnieszkakudela.pl\/en\/about-me\/"]}]},{"@type":"ImageObject","inLanguage":"en-US","@id":"https:\/\/agnieszkakudela.pl\/en\/about-me\/#primaryimage","url":"https:\/\/agnieszkakudela.pl\/wp-content\/uploads\/2019\/01\/Agnieszka-Kudela-kim-jest.jpg","contentUrl":"https:\/\/agnieszkakudela.pl\/wp-content\/uploads\/2019\/01\/Agnieszka-Kudela-kim-jest.jpg"},{"@type":"BreadcrumbList","@id":"https:\/\/agnieszkakudela.pl\/en\/about-me\/#breadcrumb","itemListElement":[{"@type":"ListItem","position":1,"name":"Strona g\u0142\u00f3wna","item":"https:\/\/agnieszkakudela.pl\/en\/"},{"@type":"ListItem","position":2,"name":"About me"}]},{"@type":"WebSite","@id":"https:\/\/agnieszkakudela.pl\/en\/#website","url":"https:\/\/agnieszkakudela.pl\/en\/","name":"AgnieszkaKudela.pl","description":"Blog parentingowy i modowy, prowadzony przez Wedding Plannerk\u0119, Mam\u0119 2,5 letniego Miko\u0142aja, oczekuj\u0105c\u0105 kolejnego Maluszka.","potentialAction":[{"@type":"SearchAction","target":{"@type":"EntryPoint","urlTemplate":"https:\/\/agnieszkakudela.pl\/en\/?s={search_term_string}"},"query-input":{"@type":"PropertyValueSpecification","valueRequired":true,"valueName":"search_term_string"}}],"inLanguage":"en-US"}]}},"_links":{"self":[{"href":"https:\/\/agnieszkakudela.pl\/en\/wp-json\/wp\/v2\/pages\/61869","targetHints":{"allow":["GET"]}}],"collection":[{"href":"https:\/\/agnieszkakudela.pl\/en\/wp-json\/wp\/v2\/pages"}],"about":[{"href":"https:\/\/agnieszkakudela.pl\/en\/wp-json\/wp\/v2\/types\/page"}],"author":[{"embeddable":true,"href":"https:\/\/agnieszkakudela.pl\/en\/wp-json\/wp\/v2\/users\/1"}],"replies":[{"embeddable":true,"href":"https:\/\/agnieszkakudela.pl\/en\/wp-json\/wp\/v2\/comments?post=61869"}],"version-history":[{"count":0,"href":"https:\/\/agnieszkakudela.pl\/en\/wp-json\/wp\/v2\/pages\/61869\/revisions"}],"wp:attachment":[{"href":"https:\/\/agnieszkakudela.pl\/en\/wp-json\/wp\/v2\/media?parent=61869"}],"curies":[{"name":"wp","href":"https:\/\/api.w.org\/{rel}","templated":true}]}}