{"id":61883,"date":"2015-05-31T23:21:42","date_gmt":"2015-05-31T21:21:42","guid":{"rendered":"https:\/\/dev.agnieszkakudela.pl\/wspolpraca\/"},"modified":"2023-12-01T14:38:24","modified_gmt":"2023-12-01T13:38:24","slug":"wspolpraca","status":"publish","type":"page","link":"https:\/\/agnieszkakudela.pl\/en\/wspolpraca\/","title":{"rendered":"Cooperation"},"content":{"rendered":"<div class=\"wpb-content-wrapper\"><p>[vc_row][vc_column][vc_column_text]<\/p>\n<h3><strong>About me<\/strong><\/h3>\n<p>&nbsp;<\/p>\n<p class=\"gt-block\"><strong>AgnieszkaKudela.pl<\/strong>\u00a0is a blog run by\u00a0<a href=\"https:\/\/wytworniaslubow.pl\/pl\/\"><strong>Wedding Planner<\/strong><\/a><strong>\u00a0i\u00a0<a href=\"http:\/\/kurs.konsultant-slubny.com\/\">trainer<\/a><\/strong>where I show you how you can\u00a0<strong>to combine family and professional life<\/strong>\u00a0without remorse, also finding time for your passion, i.e.\u00a0<strong>interior design, fashion<\/strong>\u00a0and of course writing<strong>\u00a0blog<\/strong>.<\/p>\n<p>&nbsp;<\/p>\n<p class=\"gt-block\">For 11 years I have been successfully running my own, now family-run, nationwide company, without giving up my family life &#8211; because I realize myself primarily as<strong>\u00a0Mother of 3, a year-old Miko\u0142aj and Maks, a few months old<\/strong>.<\/p>\n<p>&nbsp;<\/p>\n<p class=\"gt-block\">I share my family and professional life with Women, whose background is here and there selected\u00a0<strong>brands &#8211; only those that genuinely fit into our everyday life<\/strong>.<\/p>\n<p>&nbsp;<\/p>\n<p class=\"gt-block\">If you are looking for\u00a0<strong>authentic influencer<\/strong>, with a mission\u00a0<strong>motivating women<\/strong>\u00a0for a better, fuller life, you offer the highest quality products or services, we will create something special together. You just have to trust me &#8211; I know my readers best, mainly women aged 25-34 who want something more from life.<\/p>\n<p>&nbsp;<\/p>\n<p class=\"gt-block\">My soulmate finds many women in me who, like me, combine work with motherhood. Because Blog is not my only occupation,\u00a0<strong>I am closer to my recipients<\/strong>struggling every day\u00a0<strong>with the same problems<\/strong>.<\/p>\n<p>&nbsp;<\/p>\n<p class=\"gt-block\">An introduction to my life of philosophy\u00a0<strong>work-life balance<\/strong>\u00a0it is the result of many years of work, a factor that many Mum and Working Woman look for here, looking for inspiration, ideas for themselves or specific life advice. They find her in a warm message, beautiful photos and she feels like having a coffee with her best friend.<\/p>\n<p>[\/vc_column_text]<div class=\"qodef-separator-holder clearfix  qodef-separator-center\">\n\t<div class=\"qodef-separator\" style=\"border-color: #ffffff;border-style: dashed;border-bottom-width: 10px;margin-top: 10px;margin-bottom: 10px\"><\/div>\n<\/div>\n[vc_column_text]<\/p>\n<h3>What i create<\/h3>\n<p>&nbsp;<\/p>\n<p class=\"gt-block\"><strong><a href=\"https:\/\/agnieszkakudela.pl\/en\/\" target=\"_blank\" rel=\"noopener noreferrer\">Blog<\/a>:<\/strong>\u00a06 years on the network, over 50 000 UU per month<\/p>\n<p class=\"gt-block\"><strong><a href=\"https:\/\/www.facebook.com\/AgnieszkaKudelaPL\" target=\"_blank\" rel=\"noopener noreferrer\">Facebook<\/a>:<\/strong>\u00a0over 29 000 fans, 150 000 real coverage monthly, 30 000 monthly activities<\/p>\n<p class=\"gt-block\"><strong><a href=\"https:\/\/www.instagram.com\/agnieszka.kudela\/\" target=\"_blank\" rel=\"noopener noreferrer\">Instagram<\/a>:<\/strong>\u00a0over 9 500 fans, 10 000 real coverage weekly<\/p>\n<p class=\"gt-block\"><a href=\"https:\/\/www.youtube.com\/c\/agnieszkakudela\" target=\"_blank\" rel=\"noopener noreferrer\"><strong>YouTube<\/strong><\/a>: over 2000 subscriptions, videos with ranges of 20 &#8211; 000 views each<\/p>\n<p>[\/vc_column_text]<div class=\"qodef-separator-holder clearfix  qodef-separator-center\">\n\t<div class=\"qodef-separator\" style=\"border-color: #ffffff;border-style: dashed;border-bottom-width: 10px;margin-top: 10px;margin-bottom: 10px\"><\/div>\n<\/div>\n[vc_column_text]<\/p>\n<h3>What can I prepare for you?<\/h3>\n<p>&nbsp;<\/p>\n<p class=\"gt-block\">&#8211; post loosely connected to your product or brand &#8211; my favorite form of advertising that naturally engages readers<br \/>\n&#8211; a review of your Product or Service<br \/>\n&#8211; post about your Product, Service, Brand<br \/>\n&#8211; contest<br \/>\n&#8211; Photo session<br \/>\n&#8211; movie<br \/>\n&#8211; product placement<br \/>\n&#8211; interior metamorphosis<br \/>\n&#8211; support on Facebook and Instagram<\/p>\n<p>and all this is beautifully captured in professional photos, because it is known for a long time that 1 photo is worth more than 1000 words.[\/vc_column_text]<div class=\"qodef-separator-holder clearfix  qodef-separator-center\">\n\t<div class=\"qodef-separator\" style=\"border-color: #ffffff;border-style: dashed;border-bottom-width: 10px;margin-top: 10px;margin-bottom: 10px\"><\/div>\n<\/div>\n[vc_column_text]<\/p>\n<h3>My Recipients<\/h3>\n<p>&nbsp;<\/p>\n<p><img loading=\"lazy\" decoding=\"async\" class=\"aligncenter wp-image-33468 size-full\" src=\"https:\/\/agnieszkakudela.pl\/wp-content\/uploads\/2015\/05\/Demografia-1.jpg\" alt=\"\" width=\"2984\" height=\"989\" \/>[\/vc_column_text]<div class=\"qodef-separator-holder clearfix  qodef-separator-center\">\n\t<div class=\"qodef-separator\" style=\"border-color: #ffffff;border-style: dashed;border-bottom-width: 10px;margin-top: 10px;margin-bottom: 10px\"><\/div>\n<\/div>\n[vc_column_text]<\/p>\n<h3>Professional photos<\/h3>\n<p>&nbsp;<\/p>\n<p>We make Nikon D750 SLR, DJI Mavic Pro drone (4k) and camera with DJI Osmo Pocket (4k) gimbal, providing a new perspective for the most demanding customers.<\/p>\n<p><img loading=\"lazy\" decoding=\"async\" class=\"aligncenter size-full wp-image-33478\" src=\"https:\/\/agnieszkakudela.pl\/wp-content\/uploads\/2015\/05\/AgnieszkaKudela-Zdjecia-2018-06.jpg\" sizes=\"auto, (max-width: 1800px) 100vw, 1800px\" srcset=\"https:\/\/agnieszkakudela.pl\/wp-content\/uploads\/2015\/05\/AgnieszkaKudela-Zdjecia-2018-06.jpg 1800w, https:\/\/agnieszkakudela.pl\/wp-content\/uploads\/2015\/05\/AgnieszkaKudela-Zdjecia-2018-06-600x533.jpg 600w, https:\/\/agnieszkakudela.pl\/wp-content\/uploads\/2015\/05\/AgnieszkaKudela-Zdjecia-2018-06-300x266.jpg 300w, https:\/\/agnieszkakudela.pl\/wp-content\/uploads\/2015\/05\/AgnieszkaKudela-Zdjecia-2018-06-768x682.jpg 768w, https:\/\/agnieszkakudela.pl\/wp-content\/uploads\/2015\/05\/AgnieszkaKudela-Zdjecia-2018-06-1024x909.jpg 1024w\" alt=\"lifestyle blog\" width=\"1800\" height=\"1598\" \/>[\/vc_column_text]<div class=\"qodef-separator-holder clearfix  qodef-separator-center\">\n\t<div class=\"qodef-separator\" style=\"border-color: #ffffff;border-style: dashed;border-bottom-width: 10px;margin-top: 10px;margin-bottom: 10px\"><\/div>\n<\/div>\n[vc_column_text]<\/p>\n<div class=\"vc_row wpb_row vc_row-fluid qodef-section qodef-content-aligment-left\">\n<div class=\"clearfix qodef-full-section-inner\">\n<div class=\"wpb_column vc_column_container vc_col-sm-12\">\n<div class=\"vc_column-inner\">\n<div class=\"wpb_wrapper\">\n<div class=\"wpb_text_column wpb_content_element \">\n<div class=\"wpb_wrapper\">\n<h3 style=\"text-align: center;\">Just write to me,<br \/>\nand I will prepare the original for you,<br \/>\nengaging idea for cooperation:<br \/>\n<a href=\"mailto:hello@agnieszkakudela.pl\">hello@agnieszkakudela.pl<\/a><\/h3>\n<\/div>\n<\/div>\n<\/div>\n<\/div>\n<\/div>\n<\/div>\n<\/div>\n<div class=\"vc_row wpb_row vc_row-fluid qodef-section qodef-content-aligment-left\">\n<div class=\"clearfix qodef-full-section-inner\">\n<div class=\"wpb_column vc_column_container vc_col-sm-12\">\n<div class=\"vc_column-inner\">\n<div class=\"wpb_wrapper\">\n<div class=\"wpb_text_column wpb_content_element \">\n<div class=\"wpb_wrapper\"><\/div>\n<\/div>\n<\/div>\n<\/div>\n<\/div>\n<\/div>\n<\/div>\n<p>[\/vc_column_text]<div class=\"qodef-separator-holder clearfix  qodef-separator-center\">\n\t<div class=\"qodef-separator\" style=\"border-color: #ffffff;border-style: dashed;border-bottom-width: 10px;margin-top: 10px;margin-bottom: 10px\"><\/div>\n<\/div>\n[\/vc_column][\/vc_row][vc_row][vc_column]<div class=\"qodef-separator-holder clearfix  qodef-separator-center\">\n\t<div class=\"qodef-separator\" style=\"border-color: #ffffff;border-style: dashed;border-bottom-width: 10px;margin-top: 20px;margin-bottom: 20px\"><\/div>\n<\/div>\n[vc_column_text]<\/p>\n<h3><strong>Positions on Google<\/strong><\/h3>\n<p>&nbsp;<\/p>\n<p class=\"gt-block\">AgnieszkKudela.pl blog is well rated by search engine robots and has\u00a0<strong>high positions in Google search engine<\/strong>\u00a0(regular results).<\/p>\n<p>&nbsp;<\/p>\n<p class=\"gt-block\">In addition to building relationships with readers, Google has high positions\u00a0<strong>a guarantee of continuous break-in\u00a0<\/strong><strong>to new readers<\/strong>\u00a0and giving them the best solutions on the tray.<\/p>\n<p>&nbsp;<\/p>\n<p>Below are some examples of phrases with their positions (as of 19.06.2018):[\/vc_column_text]<div class=\"qodef-separator-holder clearfix  qodef-separator-center\">\n\t<div class=\"qodef-separator\" style=\"border-color: #ffffff;border-style: dashed;border-bottom-width: 10px;margin-top: 20px;margin-bottom: 20px\"><\/div>\n<\/div>\n[\/vc_column][\/vc_row][vc_row][vc_column width=&#8221;1\/3&#8243;][vc_column_text]lifestyle blog &#8211; 3<strong><br \/>\n<\/strong>fashion blog &#8211; 5<br \/>\nparenting blog &#8211; 8<br \/>\ninterior design blog &#8211; 1[\/vc_column_text][\/vc_column][vc_column width=&#8221;1\/3&#8243;][vc_column_text]trolley tests &#8211; 1<br \/>\ntrolley test &#8211; 1<br \/>\nthe best stroller &#8211; 1st<br \/>\nfeeding chair &#8211; 1[\/vc_column_text][\/vc_column][vc_column width=&#8221;1\/3&#8243;][vc_column_text]layette &#8211; 10<br \/>\nlayette for hospital &#8211; 8<br \/>\nproblems with lactation &#8211; 4<br \/>\nhow to sew curtains &#8211; 1[\/vc_column_text][\/vc_column][\/vc_row][vc_row][vc_column]<div class=\"qodef-separator-holder clearfix  qodef-separator-center\">\n\t<div class=\"qodef-separator\" style=\"border-color: #ffffff;border-style: dashed;border-bottom-width: 10px;margin-top: 20px;margin-bottom: 20px\"><\/div>\n<\/div>\n[vc_column_text]<\/p>\n<p style=\"text-align: center;\"><strong>See how fantastic our positioning reviews of prams and other baby products are<br \/>\n&#8211; this is your guarantee that anyone who is looking for an opinion on the product we review<br \/>\nwill come to us:<\/strong><\/p>\n<p>[\/vc_column_text]<div class=\"qodef-separator-holder clearfix  qodef-separator-center\">\n\t<div class=\"qodef-separator\" style=\"border-color: #ffffff;border-style: dashed;border-bottom-width: 10px;margin-top: 20px;margin-bottom: 20px\"><\/div>\n<\/div>\n[\/vc_column][\/vc_row][vc_row][vc_column width=&#8221;1\/3&#8243;][vc_column_text]stokke xplory &#8211; 3<br \/>\nstokke xplory reviews &#8211; 1<br \/>\nstokke xplory review &#8211; 1[\/vc_column_text][\/vc_column][vc_column width=&#8221;1\/3&#8243;][vc_column_text]peg perego book &#8211; 1<br \/>\npeg perego book reviews &#8211; 1<br \/>\npeg perego book review &#8211; 1[\/vc_column_text][\/vc_column][vc_column width=&#8221;1\/3&#8243;][vc_column_text]dubatii &#8211; 1<br \/>\ndubatti one reviews &#8211; 1<br \/>\ndubatti one review &#8211; 1[\/vc_column_text][\/vc_column][\/vc_row][vc_row][vc_column]<div class=\"qodef-separator-holder clearfix  qodef-separator-center\">\n\t<div class=\"qodef-separator\" style=\"border-color: #ffffff;border-style: dashed;border-bottom-width: 10px;margin-top: 20px;margin-bottom: 20px\"><\/div>\n<\/div>\n[vc_column_text]<\/p>\n<h3><strong>SEO<\/strong><\/h3>\n<p>&nbsp;<\/p>\n<p class=\"gt-block\"><strong>I know SEO\u00a0<\/strong>and I can use it.<br \/>\nTherefore, by placing a link or a banner on my blog, you get double benefit, in addition to great contextual advertising\u00a0<strong>strong, industry link positioning your website<\/strong>.<\/p>\n<p>[\/vc_column_text]<div class=\"qodef-separator-holder clearfix  qodef-separator-center\">\n\t<div class=\"qodef-separator\" style=\"border-color: #ffffff;border-style: dashed;border-bottom-width: 10px;margin-top: 20px;margin-bottom: 20px\"><\/div>\n<\/div>\n[vc_column_text]<\/p>\n<div class=\"wpb_text_column wpb_content_element \">\n<div class=\"wpb_wrapper\">\n<h3 style=\"text-align: center;\"><strong>Correspondence address and office address:<\/strong><\/h3>\n<p class=\"gt-block\" style=\"text-align: center;\">Agnieszka Kudela<br \/>\nAl. Iberska 10\/2<br \/>\n81-198 Pog\u00f3rze<\/p>\n<p class=\"gt-block\" style=\"text-align: center;\"><a href=\"mailto:hello@agnieszkakudela.pl\">hello@agnieszkakudela.pl<\/a><\/p>\n<p class=\"gt-block\" style=\"text-align: center;\"><a href=\"https:\/\/agnieszkakudela.pl\/en\/\">www.agnieszkakudela.pl<\/a><\/p>\n<\/div>\n<\/div>\n<p>[\/vc_column_text]<div class=\"qodef-separator-holder clearfix  qodef-separator-center\">\n\t<div class=\"qodef-separator\" style=\"border-color: #ffffff;border-style: dashed;border-bottom-width: 10px;margin-top: 20px;margin-bottom: 20px\"><\/div>\n<\/div>\n[vc_column_text]<\/p>\n<h3 style=\"text-align: center;\"><strong>Social media:<\/strong><\/h3>\n<p class=\"gt-block\" style=\"text-align: center;\"><a href=\"https:\/\/www.facebook.com\/AgnieszkaKudelaPL\/\">Facebook<\/a><br \/>\n<a href=\"https:\/\/www.instagram.com\/agnieszkakudela.pl\/\">Instagram<br \/>\n<\/a><a href=\"https:\/\/twitter.com\/spokocyka\">Twitter<\/a><\/p>\n<p>[\/vc_column_text]<div class=\"qodef-separator-holder clearfix  qodef-separator-center\">\n\t<div class=\"qodef-separator\" style=\"border-color: #ffffff;border-style: dashed;border-bottom-width: 10px;margin-top: 20px;margin-bottom: 20px\"><\/div>\n<\/div>\n[vc_column_text]<\/p>\n<h3 style=\"text-align: center;\">We run a family business and pay based on VAT invoices<\/h3>\n<p>[\/vc_column_text]<div class=\"qodef-separator-holder clearfix  qodef-separator-center\">\n\t<div class=\"qodef-separator\" style=\"border-color: #ffffff;border-style: dashed;border-bottom-width: 10px;margin-top: 20px;margin-bottom: 20px\"><\/div>\n<\/div>\n[\/vc_column][\/vc_row]<\/p>\n<\/div>","protected":false},"excerpt":{"rendered":"<p>[vc_row][vc_column][vc_column_text] About me &nbsp; AgnieszkaKudela.pl\u00a0is a blog run by\u00a0Wedding Planner\u00a0i\u00a0trainerwhere I show you how you can\u00a0to combine family and professional life\u00a0without remorse, also finding time for your passion, i.e.\u00a0interior design, fashion\u00a0and of course writing\u00a0blog. &nbsp; For 11 years I have been successfully running my own,&#8230;<\/p>\n","protected":false},"author":1,"featured_media":57757,"parent":0,"menu_order":0,"comment_status":"closed","ping_status":"open","template":"","meta":{"footnotes":""},"class_list":["post-61883","page","type-page","status-publish","has-post-thumbnail","hentry"],"yoast_head":"<!-- This site is optimized with the Yoast SEO plugin v26.5 - https:\/\/yoast.com\/wordpress\/plugins\/seo\/ -->\n<title>COOPERATION - AgnieszkaKudela.pl<\/title>\n<meta name=\"robots\" content=\"index, follow, max-snippet:-1, max-image-preview:large, max-video-preview:-1\" \/>\n<meta property=\"og:locale\" content=\"en_US\" \/>\n<meta property=\"og:type\" content=\"article\" \/>\n<meta property=\"og:title\" content=\"COOPERATION - AgnieszkaKudela.pl\" \/>\n<meta property=\"og:description\" content=\"[vc_row][vc_column][vc_column_text] About me &nbsp; AgnieszkaKudela.pl\u00a0is a blog run by\u00a0Wedding Planner\u00a0i\u00a0trainerwhere I show you how you can\u00a0to combine family and professional life\u00a0without remorse, also finding time for your passion, i.e.\u00a0interior design, fashion\u00a0and of course writing\u00a0blog. &nbsp; For 11 years I have been successfully running my own,...\" \/>\n<meta property=\"og:url\" content=\"https:\/\/agnieszkakudela.pl\/en\/wspolpraca\/\" \/>\n<meta property=\"og:site_name\" content=\"AgnieszkaKudela.pl\" \/>\n<meta property=\"article:modified_time\" content=\"2023-12-01T13:38:24+00:00\" \/>\n<meta property=\"og:image\" content=\"https:\/\/agnieszkakudela.pl\/wp-content\/uploads\/2015\/05\/Kurs-Konsultant-Slubny-2.jpg\" \/>\n\t<meta property=\"og:image:width\" content=\"1200\" \/>\n\t<meta property=\"og:image:height\" content=\"485\" \/>\n\t<meta property=\"og:image:type\" content=\"image\/jpeg\" \/>\n<meta name=\"twitter:card\" content=\"summary_large_image\" \/>\n<meta name=\"twitter:label1\" content=\"Est. reading time\" \/>\n\t<meta name=\"twitter:data1\" content=\"5 minutes\" \/>\n<script type=\"application\/ld+json\" class=\"yoast-schema-graph\">{\"@context\":\"https:\/\/schema.org\",\"@graph\":[{\"@type\":\"WebPage\",\"@id\":\"https:\/\/agnieszkakudela.pl\/en\/wspolpraca\/\",\"url\":\"https:\/\/agnieszkakudela.pl\/en\/wspolpraca\/\",\"name\":\"COOPERATION - AgnieszkaKudela.pl\",\"isPartOf\":{\"@id\":\"https:\/\/agnieszkakudela.pl\/en\/#website\"},\"primaryImageOfPage\":{\"@id\":\"https:\/\/agnieszkakudela.pl\/en\/wspolpraca\/#primaryimage\"},\"image\":{\"@id\":\"https:\/\/agnieszkakudela.pl\/en\/wspolpraca\/#primaryimage\"},\"thumbnailUrl\":\"https:\/\/agnieszkakudela.pl\/wp-content\/uploads\/2015\/05\/Kurs-Konsultant-Slubny-2.jpg\",\"datePublished\":\"2015-05-31T21:21:42+00:00\",\"dateModified\":\"2023-12-01T13:38:24+00:00\",\"breadcrumb\":{\"@id\":\"https:\/\/agnieszkakudela.pl\/en\/wspolpraca\/#breadcrumb\"},\"inLanguage\":\"en-US\",\"potentialAction\":[{\"@type\":\"ReadAction\",\"target\":[\"https:\/\/agnieszkakudela.pl\/en\/wspolpraca\/\"]}]},{\"@type\":\"ImageObject\",\"inLanguage\":\"en-US\",\"@id\":\"https:\/\/agnieszkakudela.pl\/en\/wspolpraca\/#primaryimage\",\"url\":\"https:\/\/agnieszkakudela.pl\/wp-content\/uploads\/2015\/05\/Kurs-Konsultant-Slubny-2.jpg\",\"contentUrl\":\"https:\/\/agnieszkakudela.pl\/wp-content\/uploads\/2015\/05\/Kurs-Konsultant-Slubny-2.jpg\",\"width\":1200,\"height\":485},{\"@type\":\"BreadcrumbList\",\"@id\":\"https:\/\/agnieszkakudela.pl\/en\/wspolpraca\/#breadcrumb\",\"itemListElement\":[{\"@type\":\"ListItem\",\"position\":1,\"name\":\"Strona g\u0142\u00f3wna\",\"item\":\"https:\/\/agnieszkakudela.pl\/en\/\"},{\"@type\":\"ListItem\",\"position\":2,\"name\":\"Cooperation\"}]},{\"@type\":\"WebSite\",\"@id\":\"https:\/\/agnieszkakudela.pl\/en\/#website\",\"url\":\"https:\/\/agnieszkakudela.pl\/en\/\",\"name\":\"AgnieszkaKudela.pl\",\"description\":\"Blog parentingowy i modowy, prowadzony przez Wedding Plannerk\u0119, Mam\u0119 2,5 letniego Miko\u0142aja, oczekuj\u0105c\u0105 kolejnego Maluszka.\",\"potentialAction\":[{\"@type\":\"SearchAction\",\"target\":{\"@type\":\"EntryPoint\",\"urlTemplate\":\"https:\/\/agnieszkakudela.pl\/en\/?s={search_term_string}\"},\"query-input\":{\"@type\":\"PropertyValueSpecification\",\"valueRequired\":true,\"valueName\":\"search_term_string\"}}],\"inLanguage\":\"en-US\"}]}<\/script>\n<!-- \/ Yoast SEO plugin. -->","yoast_head_json":{"title":"COOPERATION - AgnieszkaKudela.pl","robots":{"index":"index","follow":"follow","max-snippet":"max-snippet:-1","max-image-preview":"max-image-preview:large","max-video-preview":"max-video-preview:-1"},"og_locale":"en_US","og_type":"article","og_title":"COOPERATION - AgnieszkaKudela.pl","og_description":"[vc_row][vc_column][vc_column_text] About me &nbsp; AgnieszkaKudela.pl\u00a0is a blog run by\u00a0Wedding Planner\u00a0i\u00a0trainerwhere I show you how you can\u00a0to combine family and professional life\u00a0without remorse, also finding time for your passion, i.e.\u00a0interior design, fashion\u00a0and of course writing\u00a0blog. &nbsp; For 11 years I have been successfully running my own,...","og_url":"https:\/\/agnieszkakudela.pl\/en\/wspolpraca\/","og_site_name":"AgnieszkaKudela.pl","article_modified_time":"2023-12-01T13:38:24+00:00","og_image":[{"width":1200,"height":485,"url":"https:\/\/agnieszkakudela.pl\/wp-content\/uploads\/2015\/05\/Kurs-Konsultant-Slubny-2.jpg","type":"image\/jpeg"}],"twitter_card":"summary_large_image","twitter_misc":{"Est. reading time":"5 minutes"},"schema":{"@context":"https:\/\/schema.org","@graph":[{"@type":"WebPage","@id":"https:\/\/agnieszkakudela.pl\/en\/wspolpraca\/","url":"https:\/\/agnieszkakudela.pl\/en\/wspolpraca\/","name":"COOPERATION - AgnieszkaKudela.pl","isPartOf":{"@id":"https:\/\/agnieszkakudela.pl\/en\/#website"},"primaryImageOfPage":{"@id":"https:\/\/agnieszkakudela.pl\/en\/wspolpraca\/#primaryimage"},"image":{"@id":"https:\/\/agnieszkakudela.pl\/en\/wspolpraca\/#primaryimage"},"thumbnailUrl":"https:\/\/agnieszkakudela.pl\/wp-content\/uploads\/2015\/05\/Kurs-Konsultant-Slubny-2.jpg","datePublished":"2015-05-31T21:21:42+00:00","dateModified":"2023-12-01T13:38:24+00:00","breadcrumb":{"@id":"https:\/\/agnieszkakudela.pl\/en\/wspolpraca\/#breadcrumb"},"inLanguage":"en-US","potentialAction":[{"@type":"ReadAction","target":["https:\/\/agnieszkakudela.pl\/en\/wspolpraca\/"]}]},{"@type":"ImageObject","inLanguage":"en-US","@id":"https:\/\/agnieszkakudela.pl\/en\/wspolpraca\/#primaryimage","url":"https:\/\/agnieszkakudela.pl\/wp-content\/uploads\/2015\/05\/Kurs-Konsultant-Slubny-2.jpg","contentUrl":"https:\/\/agnieszkakudela.pl\/wp-content\/uploads\/2015\/05\/Kurs-Konsultant-Slubny-2.jpg","width":1200,"height":485},{"@type":"BreadcrumbList","@id":"https:\/\/agnieszkakudela.pl\/en\/wspolpraca\/#breadcrumb","itemListElement":[{"@type":"ListItem","position":1,"name":"Strona g\u0142\u00f3wna","item":"https:\/\/agnieszkakudela.pl\/en\/"},{"@type":"ListItem","position":2,"name":"Cooperation"}]},{"@type":"WebSite","@id":"https:\/\/agnieszkakudela.pl\/en\/#website","url":"https:\/\/agnieszkakudela.pl\/en\/","name":"AgnieszkaKudela.pl","description":"Blog parentingowy i modowy, prowadzony przez Wedding Plannerk\u0119, Mam\u0119 2,5 letniego Miko\u0142aja, oczekuj\u0105c\u0105 kolejnego Maluszka.","potentialAction":[{"@type":"SearchAction","target":{"@type":"EntryPoint","urlTemplate":"https:\/\/agnieszkakudela.pl\/en\/?s={search_term_string}"},"query-input":{"@type":"PropertyValueSpecification","valueRequired":true,"valueName":"search_term_string"}}],"inLanguage":"en-US"}]}},"_links":{"self":[{"href":"https:\/\/agnieszkakudela.pl\/en\/wp-json\/wp\/v2\/pages\/61883","targetHints":{"allow":["GET"]}}],"collection":[{"href":"https:\/\/agnieszkakudela.pl\/en\/wp-json\/wp\/v2\/pages"}],"about":[{"href":"https:\/\/agnieszkakudela.pl\/en\/wp-json\/wp\/v2\/types\/page"}],"author":[{"embeddable":true,"href":"https:\/\/agnieszkakudela.pl\/en\/wp-json\/wp\/v2\/users\/1"}],"replies":[{"embeddable":true,"href":"https:\/\/agnieszkakudela.pl\/en\/wp-json\/wp\/v2\/comments?post=61883"}],"version-history":[{"count":0,"href":"https:\/\/agnieszkakudela.pl\/en\/wp-json\/wp\/v2\/pages\/61883\/revisions"}],"wp:featuredmedia":[{"embeddable":true,"href":"https:\/\/agnieszkakudela.pl\/en\/wp-json\/wp\/v2\/media\/57757"}],"wp:attachment":[{"href":"https:\/\/agnieszkakudela.pl\/en\/wp-json\/wp\/v2\/media?parent=61883"}],"curies":[{"name":"wp","href":"https:\/\/api.w.org\/{rel}","templated":true}]}}