{"id":62213,"date":"2021-02-07T14:00:59","date_gmt":"2021-02-07T13:00:59","guid":{"rendered":"https:\/\/dev.agnieszkakudela.pl\/p\/folder-for-notes-and-documentsblue-a4\/"},"modified":"2025-05-28T21:16:33","modified_gmt":"2025-05-28T19:16:33","slug":"folder-for-notes-and-documentsblue-a4","status":"publish","type":"product","link":"https:\/\/agnieszkakudela.pl\/en\/p\/folder-for-notes-and-documentsblue-a4\/","title":{"rendered":"Folder for notes and documents<br>Blue, A4"},"content":{"rendered":"<p>A beautiful, handy briefcase made of eco-leather <strong>in blue color<\/strong>.<\/p>\n<p>&nbsp;<\/p>\n<p>Perfect for business meetings, coordination of weddings and events, because it works great in the field.<\/p>\n<p>&nbsp;<\/p>\n<p>The briefcase does <strong>A4 format<\/strong>, includes a clip and a notebook with wide lines &#8211; perfect for notes during meetings or lectures!<\/p>\n<p>&nbsp;<\/p>\n","protected":false},"excerpt":{"rendered":"<p>A beautiful, handy briefcase made of eco-leather in blue color. &nbsp; Perfect for business meetings, coordination of weddings and events, because it works great in the field. &nbsp; The briefcase does A4 format, includes a clip and a notebook with wide lines &#8211; perfect for&#8230;<\/p>\n","protected":false},"featured_media":60723,"comment_status":"open","ping_status":"closed","template":"","meta":[],"product_brand":[],"product_cat":[1021],"product_tag":[],"class_list":{"0":"post-62213","1":"product","2":"type-product","3":"status-publish","4":"has-post-thumbnail","6":"product_cat-a4-folders","8":"first","9":"outofstock","10":"featured","11":"purchasable","12":"product-type-simple"},"yoast_head":"<!-- This site is optimized with the Yoast SEO plugin v26.5 - https:\/\/yoast.com\/wordpress\/plugins\/seo\/ -->\n<title>Folder for notes and documentsBlue, A4 - AgnieszkaKudela.pl<\/title>\n<meta name=\"robots\" content=\"index, follow, max-snippet:-1, max-image-preview:large, max-video-preview:-1\" \/>\n<meta property=\"og:locale\" content=\"en_US\" \/>\n<meta property=\"og:type\" content=\"article\" \/>\n<meta property=\"og:title\" content=\"Folder for notes and documentsBlue, A4 - AgnieszkaKudela.pl\" \/>\n<meta property=\"og:description\" content=\"A beautiful, handy briefcase made of eco-leather in blue color. &nbsp; Perfect for business meetings, coordination of weddings and events, because it works great in the field. &nbsp; The briefcase does A4 format, includes a clip and a notebook with wide lines &#8211; perfect for...\" \/>\n<meta property=\"og:url\" content=\"https:\/\/agnieszkakudela.pl\/en\/p\/folder-for-notes-and-documentsblue-a4\/\" \/>\n<meta property=\"og:site_name\" content=\"AgnieszkaKudela.pl\" \/>\n<meta property=\"article:modified_time\" content=\"2025-05-28T19:16:33+00:00\" \/>\n<meta property=\"og:image\" content=\"https:\/\/agnieszkakudela.pl\/wp-content\/uploads\/2020\/12\/teczka-na-dokumenty-A4-niebieska.jpg\" \/>\n\t<meta property=\"og:image:width\" content=\"1080\" \/>\n\t<meta property=\"og:image:height\" content=\"1620\" \/>\n\t<meta property=\"og:image:type\" content=\"image\/jpeg\" \/>\n<meta name=\"twitter:card\" content=\"summary_large_image\" \/>\n<script type=\"application\/ld+json\" class=\"yoast-schema-graph\">{\"@context\":\"https:\/\/schema.org\",\"@graph\":[{\"@type\":\"WebPage\",\"@id\":\"https:\/\/agnieszkakudela.pl\/en\/p\/folder-for-notes-and-documentsblue-a4\/\",\"url\":\"https:\/\/agnieszkakudela.pl\/en\/p\/folder-for-notes-and-documentsblue-a4\/\",\"name\":\"Folder for notes and documents Blue, A4 - AgnieszkaKudela.pl\",\"isPartOf\":{\"@id\":\"https:\/\/agnieszkakudela.pl\/en\/#website\"},\"primaryImageOfPage\":{\"@id\":\"https:\/\/agnieszkakudela.pl\/en\/p\/folder-for-notes-and-documentsblue-a4\/#primaryimage\"},\"image\":{\"@id\":\"https:\/\/agnieszkakudela.pl\/en\/p\/folder-for-notes-and-documentsblue-a4\/#primaryimage\"},\"thumbnailUrl\":\"https:\/\/agnieszkakudela.pl\/wp-content\/uploads\/2020\/12\/teczka-na-dokumenty-A4-niebieska.jpg\",\"datePublished\":\"2021-02-07T13:00:59+00:00\",\"dateModified\":\"2025-05-28T19:16:33+00:00\",\"breadcrumb\":{\"@id\":\"https:\/\/agnieszkakudela.pl\/en\/p\/folder-for-notes-and-documentsblue-a4\/#breadcrumb\"},\"inLanguage\":\"en-US\",\"potentialAction\":[{\"@type\":\"ReadAction\",\"target\":[\"https:\/\/agnieszkakudela.pl\/en\/p\/folder-for-notes-and-documentsblue-a4\/\"]}]},{\"@type\":\"ImageObject\",\"inLanguage\":\"en-US\",\"@id\":\"https:\/\/agnieszkakudela.pl\/en\/p\/folder-for-notes-and-documentsblue-a4\/#primaryimage\",\"url\":\"https:\/\/agnieszkakudela.pl\/wp-content\/uploads\/2020\/12\/teczka-na-dokumenty-A4-niebieska.jpg\",\"contentUrl\":\"https:\/\/agnieszkakudela.pl\/wp-content\/uploads\/2020\/12\/teczka-na-dokumenty-A4-niebieska.jpg\",\"width\":1080,\"height\":1620},{\"@type\":\"BreadcrumbList\",\"@id\":\"https:\/\/agnieszkakudela.pl\/en\/p\/folder-for-notes-and-documentsblue-a4\/#breadcrumb\",\"itemListElement\":[{\"@type\":\"ListItem\",\"position\":1,\"name\":\"Strona g\u0142\u00f3wna\",\"item\":\"https:\/\/agnieszkakudela.pl\/en\/\"},{\"@type\":\"ListItem\",\"position\":2,\"name\":\"Shop\",\"item\":\"https:\/\/agnieszkakudela.pl\/en\/shop\/\"},{\"@type\":\"ListItem\",\"position\":3,\"name\":\"Folder for notes and documentsBlue, A4\"}]},{\"@type\":\"WebSite\",\"@id\":\"https:\/\/agnieszkakudela.pl\/en\/#website\",\"url\":\"https:\/\/agnieszkakudela.pl\/en\/\",\"name\":\"AgnieszkaKudela.pl\",\"description\":\"Blog parentingowy i modowy, prowadzony przez Wedding Plannerk\u0119, Mam\u0119 2,5 letniego Miko\u0142aja, oczekuj\u0105c\u0105 kolejnego Maluszka.\",\"potentialAction\":[{\"@type\":\"SearchAction\",\"target\":{\"@type\":\"EntryPoint\",\"urlTemplate\":\"https:\/\/agnieszkakudela.pl\/en\/?s={search_term_string}\"},\"query-input\":{\"@type\":\"PropertyValueSpecification\",\"valueRequired\":true,\"valueName\":\"search_term_string\"}}],\"inLanguage\":\"en-US\"}]}<\/script>\n<!-- \/ Yoast SEO plugin. -->","yoast_head_json":{"title":"Folder for notes and documentsBlue, A4 - AgnieszkaKudela.pl","robots":{"index":"index","follow":"follow","max-snippet":"max-snippet:-1","max-image-preview":"max-image-preview:large","max-video-preview":"max-video-preview:-1"},"og_locale":"en_US","og_type":"article","og_title":"Folder for notes and documentsBlue, A4 - AgnieszkaKudela.pl","og_description":"A beautiful, handy briefcase made of eco-leather in blue color. &nbsp; Perfect for business meetings, coordination of weddings and events, because it works great in the field. &nbsp; The briefcase does A4 format, includes a clip and a notebook with wide lines &#8211; perfect for...","og_url":"https:\/\/agnieszkakudela.pl\/en\/p\/folder-for-notes-and-documentsblue-a4\/","og_site_name":"AgnieszkaKudela.pl","article_modified_time":"2025-05-28T19:16:33+00:00","og_image":[{"width":1080,"height":1620,"url":"https:\/\/agnieszkakudela.pl\/wp-content\/uploads\/2020\/12\/teczka-na-dokumenty-A4-niebieska.jpg","type":"image\/jpeg"}],"twitter_card":"summary_large_image","schema":{"@context":"https:\/\/schema.org","@graph":[{"@type":"WebPage","@id":"https:\/\/agnieszkakudela.pl\/en\/p\/folder-for-notes-and-documentsblue-a4\/","url":"https:\/\/agnieszkakudela.pl\/en\/p\/folder-for-notes-and-documentsblue-a4\/","name":"Folder for notes and documents Blue, A4 - AgnieszkaKudela.pl","isPartOf":{"@id":"https:\/\/agnieszkakudela.pl\/en\/#website"},"primaryImageOfPage":{"@id":"https:\/\/agnieszkakudela.pl\/en\/p\/folder-for-notes-and-documentsblue-a4\/#primaryimage"},"image":{"@id":"https:\/\/agnieszkakudela.pl\/en\/p\/folder-for-notes-and-documentsblue-a4\/#primaryimage"},"thumbnailUrl":"https:\/\/agnieszkakudela.pl\/wp-content\/uploads\/2020\/12\/teczka-na-dokumenty-A4-niebieska.jpg","datePublished":"2021-02-07T13:00:59+00:00","dateModified":"2025-05-28T19:16:33+00:00","breadcrumb":{"@id":"https:\/\/agnieszkakudela.pl\/en\/p\/folder-for-notes-and-documentsblue-a4\/#breadcrumb"},"inLanguage":"en-US","potentialAction":[{"@type":"ReadAction","target":["https:\/\/agnieszkakudela.pl\/en\/p\/folder-for-notes-and-documentsblue-a4\/"]}]},{"@type":"ImageObject","inLanguage":"en-US","@id":"https:\/\/agnieszkakudela.pl\/en\/p\/folder-for-notes-and-documentsblue-a4\/#primaryimage","url":"https:\/\/agnieszkakudela.pl\/wp-content\/uploads\/2020\/12\/teczka-na-dokumenty-A4-niebieska.jpg","contentUrl":"https:\/\/agnieszkakudela.pl\/wp-content\/uploads\/2020\/12\/teczka-na-dokumenty-A4-niebieska.jpg","width":1080,"height":1620},{"@type":"BreadcrumbList","@id":"https:\/\/agnieszkakudela.pl\/en\/p\/folder-for-notes-and-documentsblue-a4\/#breadcrumb","itemListElement":[{"@type":"ListItem","position":1,"name":"Strona g\u0142\u00f3wna","item":"https:\/\/agnieszkakudela.pl\/en\/"},{"@type":"ListItem","position":2,"name":"Shop","item":"https:\/\/agnieszkakudela.pl\/en\/shop\/"},{"@type":"ListItem","position":3,"name":"Folder for notes and documentsBlue, A4"}]},{"@type":"WebSite","@id":"https:\/\/agnieszkakudela.pl\/en\/#website","url":"https:\/\/agnieszkakudela.pl\/en\/","name":"AgnieszkaKudela.pl","description":"Blog parentingowy i modowy, prowadzony przez Wedding Plannerk\u0119, Mam\u0119 2,5 letniego Miko\u0142aja, oczekuj\u0105c\u0105 kolejnego Maluszka.","potentialAction":[{"@type":"SearchAction","target":{"@type":"EntryPoint","urlTemplate":"https:\/\/agnieszkakudela.pl\/en\/?s={search_term_string}"},"query-input":{"@type":"PropertyValueSpecification","valueRequired":true,"valueName":"search_term_string"}}],"inLanguage":"en-US"}]}},"_links":{"self":[{"href":"https:\/\/agnieszkakudela.pl\/en\/wp-json\/wp\/v2\/product\/62213","targetHints":{"allow":["GET"]}}],"collection":[{"href":"https:\/\/agnieszkakudela.pl\/en\/wp-json\/wp\/v2\/product"}],"about":[{"href":"https:\/\/agnieszkakudela.pl\/en\/wp-json\/wp\/v2\/types\/product"}],"replies":[{"embeddable":true,"href":"https:\/\/agnieszkakudela.pl\/en\/wp-json\/wp\/v2\/comments?post=62213"}],"wp:featuredmedia":[{"embeddable":true,"href":"https:\/\/agnieszkakudela.pl\/en\/wp-json\/wp\/v2\/media\/60723"}],"wp:attachment":[{"href":"https:\/\/agnieszkakudela.pl\/en\/wp-json\/wp\/v2\/media?parent=62213"}],"wp:term":[{"taxonomy":"product_brand","embeddable":true,"href":"https:\/\/agnieszkakudela.pl\/en\/wp-json\/wp\/v2\/product_brand?post=62213"},{"taxonomy":"product_cat","embeddable":true,"href":"https:\/\/agnieszkakudela.pl\/en\/wp-json\/wp\/v2\/product_cat?post=62213"},{"taxonomy":"product_tag","embeddable":true,"href":"https:\/\/agnieszkakudela.pl\/en\/wp-json\/wp\/v2\/product_tag?post=62213"}],"curies":[{"name":"wp","href":"https:\/\/api.w.org\/{rel}","templated":true}]}}